{"id":13,"date":"2014-03-19T17:45:13","date_gmt":"2014-03-19T16:45:13","guid":{"rendered":"http:\/\/www.nasardinku.cz\/?page_id=13"},"modified":"2026-02-06T15:16:56","modified_gmt":"2026-02-06T14:16:56","slug":"vylety-do-okoli","status":"publish","type":"page","link":"https:\/\/www.nasardinku.cz\/?page_id=13","title":{"rendered":"V\u00fdlety do okol\u00ed"},"content":{"rendered":"<p><a href=\"http:\/\/www.nasardinku.cz\/?page_id=289\">nejbli\u017e\u0161\u00ed pl\u00e1\u017ee<\/a><br \/>\n<a href=\"http:\/\/www.nasardinku.cz\/?page_id=147\">p\u011b\u0161\u00ed<\/a><br \/>\n<a href=\"http:\/\/www.nasardinku.cz\/?page_id=150\">autem<\/a><br \/>\n<a href=\"http:\/\/www.nasardinku.cz\/?page_id=154\">pl\u00e1\u017ee<\/a><br \/>\n<a href=\"http:\/\/www.nasardinku.cz\/?page_id=573\">p\u0159\u00edroda<\/a><br \/>\n<a href=\"http:\/\/www.nasardinku.cz\/?page_id=152\">kultura<\/a><br \/>\n<a href=\"http:\/\/www.nasardinku.cz\/?page_id=326\">fotogalerie<\/a><\/p>\n<p><a href=\"http:\/\/www.nasardinku.cz\/wp-content\/uploads\/2014\/04\/9.jpg\"><img loading=\"lazy\" decoding=\"async\" class=\"aligncenter size-full wp-image-140\" src=\"http:\/\/www.nasardinku.cz\/wp-content\/uploads\/2014\/04\/9.jpg\" alt=\"Region\" width=\"510\" height=\"510\" srcset=\"https:\/\/www.nasardinku.cz\/wp-content\/uploads\/2014\/04\/9.jpg 510w, https:\/\/www.nasardinku.cz\/wp-content\/uploads\/2014\/04\/9-150x150.jpg 150w, https:\/\/www.nasardinku.cz\/wp-content\/uploads\/2014\/04\/9-300x300.jpg 300w\" sizes=\"auto, (max-width: 510px) 100vw, 510px\" \/><\/a><\/p>\n<p><script><br \/>\n  (function(i,s,o,g,r,a,m){i['GoogleAnalyticsObject']=r;i[r]=i[r]||function(){<br \/>\n  (i[r].q=i[r].q||[]).push(arguments)},i[r].l=1*new Date();a=s.createElement(o),<br \/>\n  m=s.getElementsByTagName(o)[0];a.async=1;a.src=g;m.parentNode.insertBefore(a,m)<br \/>\n  })(window,document,'script','\/\/www.google-analytics.com\/analytics.js','ga');<\/p>\n<p>  ga('create', 'UA-72010429-1', 'auto');<br \/>\n  ga('send', 'pageview');<\/p>\n<p><\/script><\/p>\n","protected":false},"excerpt":{"rendered":"<p>nejbli\u017e\u0161\u00ed pl\u00e1\u017ee p\u011b\u0161\u00ed autem pl\u00e1\u017ee p\u0159\u00edroda kultura fotogalerie<\/p>\n","protected":false},"author":1,"featured_media":0,"parent":0,"menu_order":4,"comment_status":"open","ping_status":"open","template":"","meta":{"footnotes":""},"class_list":["post-13","page","type-page","status-publish","hentry"],"_links":{"self":[{"href":"https:\/\/www.nasardinku.cz\/index.php?rest_route=\/wp\/v2\/pages\/13","targetHints":{"allow":["GET"]}}],"collection":[{"href":"https:\/\/www.nasardinku.cz\/index.php?rest_route=\/wp\/v2\/pages"}],"about":[{"href":"https:\/\/www.nasardinku.cz\/index.php?rest_route=\/wp\/v2\/types\/page"}],"author":[{"embeddable":true,"href":"https:\/\/www.nasardinku.cz\/index.php?rest_route=\/wp\/v2\/users\/1"}],"replies":[{"embeddable":true,"href":"https:\/\/www.nasardinku.cz\/index.php?rest_route=%2Fwp%2Fv2%2Fcomments&post=13"}],"version-history":[{"count":8,"href":"https:\/\/www.nasardinku.cz\/index.php?rest_route=\/wp\/v2\/pages\/13\/revisions"}],"predecessor-version":[{"id":2470,"href":"https:\/\/www.nasardinku.cz\/index.php?rest_route=\/wp\/v2\/pages\/13\/revisions\/2470"}],"wp:attachment":[{"href":"https:\/\/www.nasardinku.cz\/index.php?rest_route=%2Fwp%2Fv2%2Fmedia&parent=13"}],"curies":[{"name":"wp","href":"https:\/\/api.w.org\/{rel}","templated":true}]}}