{"id":1351,"date":"2021-09-23T09:46:16","date_gmt":"2021-09-23T07:46:16","guid":{"rendered":"http:\/\/www.nasardinku.cz\/?page_id=1351"},"modified":"2025-11-10T09:52:36","modified_gmt":"2025-11-10T08:52:36","slug":"nemovitosti-k-prodeji","status":"publish","type":"page","link":"https:\/\/www.nasardinku.cz\/?page_id=1351","title":{"rendered":"Nemovitosti k prodeji"},"content":{"rendered":"<p>St\u00e1le \u010dast\u011bji se mi oz\u00fdv\u00e1te ohledn\u011b po\u0159\u00edzen\u00ed vlastn\u00edho bydlen\u00ed na Sardinii a mnoh\u00fdm u\u017e jsem b\u011bhem posledn\u00edch \u0161esti let pomohla si sv\u016fj sen splnit. Pokud v\u00e1s po\u0159\u00edzen\u00ed nemovitosti zaj\u00edm\u00e1, m\u016f\u017eete kouknout na str\u00e1nku:<\/p>\n<h1 style=\"text-align: center;\"><span style=\"color: #003366;\"><em><strong>\u00a0<a style=\"color: #003366;\" href=\"https:\/\/www.jitulik.cz\/\">jitulik.cz <\/a><\/strong><\/em><\/span><\/h1>\n<p>\u00a0<\/p>\n\n\n<p><\/p>\n\n\n\n<p><\/p>\n\n\n\n<p><\/p>\n","protected":false},"excerpt":{"rendered":"<p>St\u00e1le \u010dast\u011bji se mi oz\u00fdv\u00e1te ohledn\u011b po\u0159\u00edzen\u00ed vlastn\u00edho bydlen\u00ed na Sardinii a mnoh\u00fdm u\u017e jsem b\u011bhem posledn\u00edch \u0161esti let pomohla si sv\u016fj sen splnit. Pokud v\u00e1s po\u0159\u00edzen\u00ed nemovitosti zaj\u00edm\u00e1, m\u016f\u017eete kouknout na str\u00e1nku: \u00a0jitulik.cz \u00a0<\/p>\n","protected":false},"author":1,"featured_media":0,"parent":0,"menu_order":10,"comment_status":"closed","ping_status":"closed","template":"","meta":{"footnotes":""},"class_list":["post-1351","page","type-page","status-publish","hentry"],"_links":{"self":[{"href":"https:\/\/www.nasardinku.cz\/index.php?rest_route=\/wp\/v2\/pages\/1351","targetHints":{"allow":["GET"]}}],"collection":[{"href":"https:\/\/www.nasardinku.cz\/index.php?rest_route=\/wp\/v2\/pages"}],"about":[{"href":"https:\/\/www.nasardinku.cz\/index.php?rest_route=\/wp\/v2\/types\/page"}],"author":[{"embeddable":true,"href":"https:\/\/www.nasardinku.cz\/index.php?rest_route=\/wp\/v2\/users\/1"}],"replies":[{"embeddable":true,"href":"https:\/\/www.nasardinku.cz\/index.php?rest_route=%2Fwp%2Fv2%2Fcomments&post=1351"}],"version-history":[{"count":29,"href":"https:\/\/www.nasardinku.cz\/index.php?rest_route=\/wp\/v2\/pages\/1351\/revisions"}],"predecessor-version":[{"id":2445,"href":"https:\/\/www.nasardinku.cz\/index.php?rest_route=\/wp\/v2\/pages\/1351\/revisions\/2445"}],"wp:attachment":[{"href":"https:\/\/www.nasardinku.cz\/index.php?rest_route=%2Fwp%2Fv2%2Fmedia&parent=1351"}],"curies":[{"name":"wp","href":"https:\/\/api.w.org\/{rel}","templated":true}]}}