{"id":15,"date":"2014-03-19T17:45:55","date_gmt":"2014-03-19T16:45:55","guid":{"rendered":"http:\/\/www.nasardinku.cz\/?page_id=15"},"modified":"2026-01-30T16:01:34","modified_gmt":"2026-01-30T15:01:34","slug":"stravovani","status":"publish","type":"page","link":"https:\/\/www.nasardinku.cz\/?page_id=15","title":{"rendered":"Stravov\u00e1n\u00ed"},"content":{"rendered":"<p>V p\u011b\u0161\u00ed dostupnosti v\u0161ech na\u0161ich ubytovac\u00edch jednotek se nach\u00e1z\u00ed restaurace, pizzerie, bary a obchody s potravinami.<\/p>\n<p>V dom\u011b San Pietro poskytujeme na objedn\u00e1n\u00ed sn\u00eddan\u011b, degusta\u010dn\u00ed ve\u010dery a grilov\u00e1n\u00ed. K dispozici je pro hosty nov\u011b tak\u00e9 \u010dajovna\/kav\u00e1rna\/bar.<\/p>\n<p>Pizza je v\u017edy k dost\u00e1n\u00ed a\u017e ve\u010der od sedm\u00e9 hodiny, p\u0159ed touto dobou je mo\u017en\u00e9 d\u00e1t si t\u011bstoviny \u010di cokoliv dal\u0161\u00edho.<\/p>\n<p>M\u00edstn\u00ed obchody s potravinami &#8211; supermarkety jsou otev\u0159eny denn\u011b, zav\u0159eno maj\u00ed men\u0161\u00ed obchody v\u011bt\u0161inou v dob\u011b siesty &#8211; 12:30 a\u017e 15:00. Velk\u00e9 supermarkety, nap\u0159. ve Valledorii, jsou otev\u0159eny cel\u00fd den i v dob\u011b siesty.<\/p>\n<p>V jednotk\u00e1ch jsou vybaven\u00e9 kuchyn\u011b, a tak si m\u016f\u017eete p\u0159ipravit j\u00eddlo dle vlastn\u00ed chuti. Ceny potravin v obchod\u011b jsou podobn\u00e9 jako u n\u00e1s, ale z\u00e1le\u017e\u00ed hodn\u011b na konkr\u00e9tn\u00edm druhu potraviny. Levn\u011bji je v\u017edy ve v\u011bt\u0161\u00edch m\u011bstech.<\/p>\n<p>V restaurac\u00edch je na na\u0161e pom\u011bry st\u00e1le o n\u011bco dr\u00e1\u017e, ale postupn\u011b se za\u010d\u00ednaj\u00ed srovn\u00e1vat. Menu v restauraci vyjde kolem 15 Eur. I tak ale stoj\u00ed za to ochutnat m\u00edstn\u00ed kuchyni a u\u017e\u00edt si chut\u011b a atmosf\u00e9ru sardsk\u00e9ho stravov\u00e1n\u00ed.<\/p>\n<p><script><br \/>\n  (function(i,s,o,g,r,a,m){i['GoogleAnalyticsObject']=r;i[r]=i[r]||function(){<br \/>\n  (i[r].q=i[r].q||[]).push(arguments)},i[r].l=1*new Date();a=s.createElement(o),<br \/>\n  m=s.getElementsByTagName(o)[0];a.async=1;a.src=g;m.parentNode.insertBefore(a,m)<br \/>\n  })(window,document,'script','\/\/www.google-analytics.com\/analytics.js','ga');<\/p>\n<p>  ga('create', 'UA-72010429-1', 'auto');<br \/>\n  ga('send', 'pageview');<\/p>\n<p><\/script><\/p>\n","protected":false},"excerpt":{"rendered":"<p>V p\u011b\u0161\u00ed dostupnosti v\u0161ech na\u0161ich ubytovac\u00edch jednotek se nach\u00e1z\u00ed restaurace, pizzerie, bary a obchody s potravinami. V dom\u011b San Pietro poskytujeme na objedn\u00e1n\u00ed sn\u00eddan\u011b, degusta\u010dn\u00ed ve\u010dery a grilov\u00e1n\u00ed. K dispozici je pro hosty nov\u011b tak\u00e9 \u010dajovna\/kav\u00e1rna\/bar. Pizza je v\u017edy k dost\u00e1n\u00ed a\u017e ve\u010der od sedm\u00e9 hodiny, p\u0159ed touto dobou je mo\u017en\u00e9 d\u00e1t si t\u011bstoviny \u010di cokoliv dal\u0161\u00edho. M\u00edstn\u00ed obchody s potravinami &#8211; supermarkety jsou otev\u0159eny denn\u011b, zav\u0159eno maj\u00ed men\u0161\u00ed obchody v\u011bt\u0161inou v dob\u011b siesty &#8211; 12:30 a\u017e 15:00. Velk\u00e9 supermarkety, nap\u0159. ve Valledorii, jsou otev\u0159eny cel\u00fd den i v dob\u011b siesty. V jednotk\u00e1ch jsou vybaven\u00e9 kuchyn\u011b, a tak si m\u016f\u017eete p\u0159ipravit j\u00eddlo dle vlastn\u00ed chuti. Ceny potravin v obchod\u011b jsou podobn\u00e9 jako u n\u00e1s, ale z\u00e1le\u017e\u00ed hodn\u011b na konkr\u00e9tn\u00edm druhu potraviny. Levn\u011bji je v\u017edy ve v\u011bt\u0161\u00edch m\u011bstech. V restaurac\u00edch je na na\u0161e pom\u011bry st\u00e1le o n\u011bco dr\u00e1\u017e, ale postupn\u011b se za\u010d\u00ednaj\u00ed srovn\u00e1vat. Menu v restauraci vyjde kolem 15 Eur. I tak ale stoj\u00ed za to ochutnat m\u00edstn\u00ed kuchyni a u\u017e\u00edt si chut\u011b a atmosf\u00e9ru sardsk\u00e9ho stravov\u00e1n\u00ed.<\/p>\n","protected":false},"author":1,"featured_media":0,"parent":0,"menu_order":5,"comment_status":"open","ping_status":"open","template":"","meta":{"footnotes":""},"class_list":["post-15","page","type-page","status-publish","hentry"],"_links":{"self":[{"href":"https:\/\/www.nasardinku.cz\/index.php?rest_route=\/wp\/v2\/pages\/15","targetHints":{"allow":["GET"]}}],"collection":[{"href":"https:\/\/www.nasardinku.cz\/index.php?rest_route=\/wp\/v2\/pages"}],"about":[{"href":"https:\/\/www.nasardinku.cz\/index.php?rest_route=\/wp\/v2\/types\/page"}],"author":[{"embeddable":true,"href":"https:\/\/www.nasardinku.cz\/index.php?rest_route=\/wp\/v2\/users\/1"}],"replies":[{"embeddable":true,"href":"https:\/\/www.nasardinku.cz\/index.php?rest_route=%2Fwp%2Fv2%2Fcomments&post=15"}],"version-history":[{"count":9,"href":"https:\/\/www.nasardinku.cz\/index.php?rest_route=\/wp\/v2\/pages\/15\/revisions"}],"predecessor-version":[{"id":2465,"href":"https:\/\/www.nasardinku.cz\/index.php?rest_route=\/wp\/v2\/pages\/15\/revisions\/2465"}],"wp:attachment":[{"href":"https:\/\/www.nasardinku.cz\/index.php?rest_route=%2Fwp%2Fv2%2Fmedia&parent=15"}],"curies":[{"name":"wp","href":"https:\/\/api.w.org\/{rel}","templated":true}]}}