{"id":152,"date":"2014-04-06T16:45:20","date_gmt":"2014-04-06T14:45:20","guid":{"rendered":"http:\/\/www.nasardinku.cz\/?page_id=152"},"modified":"2026-01-30T15:34:27","modified_gmt":"2026-01-30T14:34:27","slug":"kultura","status":"publish","type":"page","link":"https:\/\/www.nasardinku.cz\/?page_id=152","title":{"rendered":"V\u00fdlety za pam\u00e1tkami"},"content":{"rendered":"<p><b>Castelsardo\u00a0<\/b><\/p>\n<p>P\u011b\u0161ky pod\u00e9l pob\u0159e\u017e\u00ed, nebo autem kolem kopce se dostanete po p\u00e1r kilometrech k nezapomenuteln\u00e9mu historick\u00e9mu m\u011bste\u010dku Castelsardo. Toto m\u00edsto je hojn\u011b nav\u0161t\u011bvov\u00e1no turisty a je kulturn\u00edm centrem oblasti. Za n\u00e1v\u0161t\u011bvu stoj\u00ed jak historick\u00e9 centrum za hradbami, tak p\u016fsobiv\u00e9 zahrady na pob\u0159e\u017e\u00ed pod hradbami.<\/p>\n<p><b>Roccia d&#8217;elefante<\/b><\/p>\n<p>Pouze n\u011bkolik kilometr\u016f od n\u00e1s sm\u011brem na Castelsardo se nach\u00e1z\u00ed poz\u016fstatek skaln\u00edch hrobek, kter\u00fd se pro sv\u016fj tvar naz\u00fdv\u00e1 slon\u00ed sk\u00e1lou a je symbolem cel\u00e9 oblasti. Na druh\u00e9 stran\u011b silnice naproti sk\u00e1le vedou kamenn\u00e9 schody, kter\u00e9 v\u00e1s dovedou do piniov\u00e9ho h\u00e1jku, kde je mo\u017en\u00e9 se v parn\u00e9m dni p\u0159\u00edjemn\u011b proj\u00edt.<\/p>\n<p><b>Sedini (10,5 Km)<\/b><\/p>\n<p>Ve vesnici\u00a0<b>Sedini<\/b>\u00a0jsou k vid\u011bn\u00ed dob\u0159e dochovan\u00e9 skaln\u00ed hrobky domus de janas, kter\u00e9 se nach\u00e1zej\u00ed uvnit\u0159 sk\u00e1ly. Tyto hrobky ve st\u0159edov\u011bku vyu\u017e\u00edvali farm\u00e1\u0159i jako svoje domky. Pot\u00e9 se hrobky a\u017e do 19. stolet\u00ed pou\u017e\u00edvaly jako v\u011bznice, a pot\u00e9 znovu slou\u017eily jako domy. V\u00a0dom\u011b je mal\u00e9 museum a vnit\u0159ek domu je mo\u017en\u00e9 si voln\u011b bez pr\u016fvodce prohl\u00e9dnout za symbolick\u00e9 vstupn\u00e9. D\u00e1le je zde p\u016fsobiv\u00e1 krasov\u00e1 jeskyn\u011b, rom\u00e1nsk\u00fd kostel\u00edk, poutav\u00fd h\u0159bitov a nespo\u010det kr\u00e1sn\u00fdch v\u00fdhled\u016f a z\u00e1kout\u00ed. Samotn\u00e1 vesni\u010dka je velice malebn\u00e1, nach\u00e1z\u00ed se zde malovan\u00e9 domy, kr\u00e1sn\u00fd par\u010d\u00edk s d\u011btsk\u00fdch h\u0159i\u0161t\u011bm a p\u0159\u00edjemn\u00e9 uli\u010dky. V museu u skaln\u00edho domu je mo\u017en\u00e9 domluvit organizovan\u00e9 v\u00fdlety do m\u00edstn\u00ed p\u0159\u00edrody s pr\u016fvodcem (n\u00e1v\u0161t\u011bva jeskyn\u00ed, vodop\u00e1d\u016f, horsk\u00fdch stezek&#8230;)<\/p>\n<p><b>Monte d\u2019Accodi (40 km)<\/b><\/p>\n<p>Posv\u00e1tn\u00e1 megalitick\u00e1 stavba ve tvaru pyramidy s dlouhou p\u0159\u00edstupovou &#8222;rampou&#8220;, je\u017e byla vybudov\u00e1na na m\u00edst\u011b vesnice &#8222;oziersk\u00e9&#8220; kultury. Z t\u00e9 se zachovaly dolmen a menhir, 7 km na jihov\u00fdchod od porto Torres. Opravdu p\u016fsobiv\u00e9 jidine\u010dn\u00e9 m\u00edsto &#8211; jedin\u00e1 pyramida v Evrop\u011b.<\/p>\n<p><b>Porto torres (43 km)<\/b><\/p>\n<p>Porto Torres\u00a0 je jedn\u00edm z hlavn\u00edch p\u0159\u00edstav\u016f, kter\u00e9 spojuj\u00ed Sardinii s italsk\u00fdm Janovem a francouzskou Nice a Marseille. Lodn\u00ed spojen\u00ed je zaji\u0161t\u011bno i na souostrov\u00ed Asinara. Na ostrov\u011b Asinara byl velk\u00fd inter\u00adven\u010dn\u00ed t\u00e1bor. Byli zde uv\u011bzn\u011bni i \u010ce\u0161i, kte\u0159\u00ed bojovali za Rakousko-uherska. V dob\u011b, kdy byla na ostrov\u011b v provozu v\u011bzni\u00adce pro mafi\u00e1ny, dostaly se tam pouze osoby se zvl\u00e1\u0161tn\u00ed propustkou. Dnes je ostrov zp\u0159\u00edstupn\u011bn a stal se vyhled\u00e1van\u00fdm m\u00edstem pro turisty. Je zde velk\u00fd p\u0159\u00edrodn\u00ed park. Masivy skal maj\u00ed r\u016f\u017eov\u00e9 zbarven\u00ed. Na ostrov\u011b \u017eij\u00ed b\u00edl\u00ed osli s modr\u00fdma o\u010dima, mufloni a velk\u00e9 mno\u017estv\u00ed kr\u00e1l\u00edk\u016f. Ide\u00e1ln\u00ed je zap\u016fj\u010dit si na ostrov\u011b kolo a projet tak celou rezervaci.<\/p>\n<p>M\u011bsto nen\u00ed p\u0159\u00edli\u0161 malebn\u00e9 (pr\u016fmyslov\u00fd p\u0159\u00edstav), ale nach\u00e1z\u00ed se zde zaj\u00edmav\u00e9 muzeum. V m\u00edstn\u00edm museu jsou um\u00edst\u011bny \u010detn\u00e9 vykop\u00e1vky z okol\u00ed -\u00falomky keramiky, so\u0161ky, star\u00e9 malovan\u00e9 dla\u017edice a jin\u00e9 pam\u00e1tky. V m\u011bst\u011b se dochovaly starobyl\u00e9 \u0159\u00edmsk\u00e9 l\u00e1zn\u011b Palazzo del Barbaro (Terme Centrali). Nejv\u00fdznamn\u011bj\u0161\u00ed pam\u00e1tkou je bazilika San Gavino z 11. stolet\u00ed v rom\u00e1nsko- pisansk\u00e9m slohu. V bazilice je d\u0159ev\u011bn\u00fd katafalk ze 17. stolet\u00ed se sochami t\u0159\u00ed svat\u00fdch &#8211; Prota, Gavina a Gianuaria, umu\u010den\u00fdch za c\u00edsa\u0159e Diokleci\u00e1na. Ka\u017edoro\u010dn\u011b jsou tyto sochy neseny v proces\u00ed k mal\u00e9mu kostel\u00edku San Gavino \u00e1 Mare na b\u0159eh mo\u0159e.<\/p>\n<p><b>Santa teresa di Gallura (60 km)<\/b><\/p>\n<p>M\u011bste\u010dko na severu Sardinie zalo\u017een\u00e9 F\u00e9ni\u010dany m\u011blo d\u016fle\u017eitost zejm\u00e9na ve st\u0159edov\u011bku. Byl zde postaven z\u00e1mek, v 15. stolet\u00ed bylo zni\u010deno Aragonci. Jeho komplexn\u00ed p\u0159estavba za\u010dala na p\u0159\u00edkaz kr\u00e1le Viktoria Emanuela I. v roce 1803. M\u011bsto se nach\u00e1z\u00ed v nadmo\u0159sk\u00e9 v\u00fd\u0161ce 40 m n\/m, m\u00e1 3800 obyvatel. Historick\u00fd st\u0159ed m\u011bsta m\u00e1 dv\u011b n\u00e1m\u011bst\u00ed. Z nich se ulice \u0161achovnicovit\u011b rozb\u00edhaj\u00ed. Hlavn\u00ed ulice nese jm\u00e9no Marie Terezie, hlavn\u00ed n\u00e1m\u011bst\u00ed Viktora Emanuela II. Odtud vede cesta a\u017e k mysu, kde d\u0159\u00edve st\u00e1vala st\u0159edov\u011bk\u00e1 pevnost. Jej\u00edm poz\u016fstatkem je str\u00e1\u017en\u00ed v\u011b\u017e Longosardo, jedna z nejv\u011bt\u0161\u00edch, postaven\u00fdch ve \u0161pan\u011blsk\u00e9m v\u011bku. V 80. letech byla zrestaurov\u00e1na na m\u011bstsk\u00e9 muzeum. Z terasy je v\u00fdhled na m\u011bstskou pl\u00e1\u017e Rena Bianca, ostrov Municca a p\u0159\u00edstav Cuntessa. <b>Z p\u0159\u00edstavu vyplouvaj\u00ed trajekty na souostrov\u00ed La Maddalena, na Korsiku do Bonifaccia a tak\u00e9 v\u00fdletn\u00ed lo\u010f na ostrovy Spargi a Budelli<\/b><\/p>\n<p><b>Alghero (78 km)<\/b><\/p>\n<p>L\u00e1ze\u0148sk\u00e9 m\u011bsto nach\u00e1zej\u00edc\u00ed se na severoz\u00e1pad\u011b ostrova s 44000 obyvateli. Historickou \u010d\u00e1st m\u011bsta ob\u00fdvaj\u00ed potomci \u0160pan\u011bl\u016f, kte\u0159\u00ed zde vl\u00e1dli od roku 1300. Tito obyvatel\u00e9 si dodnes zachovali svou \u0159e\u010d a sv\u00e9 zvyky. Ve m\u011bst\u011b z\u016fstalo z p\u016fvodn\u00edho opevn\u011bn\u00ed sedm str\u00e1\u017en\u00edch v\u011b\u017e\u00ed z nich nejv\u011bt\u0161\u00ed je v\u011b\u017e Sulis o v\u00fd\u0161ce 30 m a st\u011bnami 6 m siln\u00fdmi. Rom\u00e1nsko-gotick\u00fd kostel San Francesco byl postaven kolem roku 1302. Svou mozaikovou v\u00fdzdobou zaujme kopule chr\u00e1mu San Michele z r. 1612. Sv\u016fj v\u00fdznam m\u00e1 tak\u00e9 knihovna Biblioteca Civica, kde jsou ulo\u017eeny vz\u00e1cn\u00e9 katal\u00e1nsk\u00e9 knihy. Od jachetn\u00edho p\u0159\u00edstavu se t\u00e1hnou m\u011bstsk\u00e9 pl\u00e1\u017ee, pat\u0159\u00edc\u00ed des\u00edtk\u00e1m hotel\u016f na okraji m\u011bsta. Pobl\u00ed\u017e Alghera, v\u00a0z\u00e1toce baia di conte jsou kr\u00e1sn\u00e9 pl\u00e1\u017ee s jemn\u00fdm p\u00edskem a piniov\u00fdmi h\u00e1ji, vhodn\u00fdmi k odpo\u010dinku p\u0159ed slune\u010dn\u00edmi paprsky. Na mysu Capo Caccio se nach\u00e1zej\u00ed p\u0159ekr\u00e1sn\u00e9 kr\u00e1pn\u00edkov\u00e9 jeskyn\u011b Grotta Nettuno, hojn\u011b nav\u0161t\u011bvovan\u00e9 turisty z\u00a0cel\u00e9ho sv\u011bta.<\/p>\n<p><b>Coddu Vecchiu \u2013 Tomba dei Giganti (62 km)<\/b><\/p>\n<p>Tomba dei Giganti, hrob gigant\u016f, hromadn\u00e9 poh\u0159ebi\u0161t\u011b sest\u00e1vaj\u00edc\u00ed z podzemn\u00ed chodby a do p\u016flkruhu postaven\u00fdch ploch\u00fdch kamen\u016f s jedn\u00edm, centr\u00e1ln\u00edm vstupn\u00edm kamenem. Nach\u00e1z\u00ed se asi 8 km jihoz\u00e1padn\u011b od Arzacheny ve sm\u011bru na Luogosanto. Hrobka obr\u016f je zvl\u00e1\u0161t\u011b p\u016fsobiv\u00fd monument. Byla vybudov\u00e1na ve dvou f\u00e1z\u00edch \u2013 z\u00e1klad poch\u00e1z\u00ed z mlad\u0161\u00ed doby bronzov\u00e9 a zbytek se st\u00e9lou byl dopln\u011bn ve st\u0159edn\u00ed dob\u011b bronzov\u00e9. <b>Necropoli Li Muri<\/b> le\u017e\u00ed asi 8 km od Arzacheny sm\u011brem na z\u00e1pad. Toto poh\u0159ebi\u0161t\u011b se skl\u00e1d\u00e1 z 5 kruhov\u00fdch hrobek z neolitick\u00e9 doby. Hned vedle se nach\u00e1z\u00ed dal\u0161\u00ed \u201etomba dei Giganti\u201c dolmenov\u00e9ho typu s n\u00e1dhernou st\u00e9lou <b>Li Loghi<\/b>.<\/p>\n<p><b>Nuraghe di Santu Antine (72 km)<\/b><\/p>\n<p>Jeden z nejd\u016fle\u017eit\u011bj\u0161\u00edch nur\u00e1g\u016f ostrova nedaleko vesnice Torralba, asi 38 km ji\u017en\u011b od Sassari (u d\u00e1lnice na Cagliari). Poch\u00e1z\u00ed ze st\u0159edn\u00ed doby bronzov\u00e9, pou\u017e\u00edv\u00e1n v\u0161ak byl a\u017e po p\u0159\u00edchodu \u0158\u00edman\u016f. Sest\u00e1v\u00e1 se z hlavn\u00ed v\u011b\u017ee na t\u0159ech plo\u0161in\u00e1ch obkopen\u00e9 opevn\u011bn\u00edm, se t\u0159emi v\u011b\u017eemi a vesnic\u00ed.<\/p>\n<p><b>Sassari<\/b><\/p>\n<p>Hlavn\u00ed m\u011bsto severu Sardinie. Je sp\u00ed\u0161e pr\u016fmyslov\u00e9, historick\u00e9 centrum nen\u00ed p\u0159\u00edli\u0161 velk\u00e9. Prvn\u00ed os\u00eddlen\u00ed je dolo\u017eeno ji\u017e v prehistorii, n\u00e1zev Sassari se v\u0161ak objevuje a v 1113. Historie m\u011bsta je praticky toto\u017en\u00e1 s histori\u00ed cel\u00e9ho ostrova. Nejd\u016fle\u017eit\u011bj\u0161\u00edmi pam\u00e1tkami jsou d\u00f3m San Nicola s bohat\u011b zdobenou barokn\u00ed fas\u00e1dou, kostely San Maria di Betlem a San Pietro di Silki, dva mal\u00e9 pal\u00e1ce v ulici Corso Vittorio Emanuele-Casa Faris, Casa di Re Enzo (15. a 16. stolet\u00ed) a Pizza Italia s honosn\u00fdm &#8222;Palazzo della Provincia&#8220;. V minul\u00e9m stolet\u00ed se m\u011bsto roz\u0161i\u0159ovalo p\u0159edev\u0161\u00edm ji\u017en\u00edm sm\u011brem, a tak zde vyrostly elegantn\u00ed pal\u00e1ce, obytn\u00e9 \u010dtvrti a \u0161irok\u00e9 aleje. Muzeum je v ulic\u00edch Via Roma.<\/p>\n<p><b>Nekropole di Anghelu Ruiu (70 km)<\/b><\/p>\n<p>Nekropoli najdete doslova p\u00e1r kilometr\u016f od leti\u0161t\u011b a tak je dobr\u00fdm n\u00e1m\u011btem na o\u017eiven\u00ed dne odletu. Rozhodn\u011b stoj\u00ed za n\u00e1v\u0161t\u011bvu. V jeskynn\u00edm komplexu jsou um\u00edst\u011bna rozs\u00e1hl\u00e1 podzemn\u00ed poh\u0159ebi\u0161t\u011b z p\u0159ednuraghsk\u00e9ho obdob\u00ed, do chodeb je zcela voln\u011b umo\u017en\u011bn p\u0159\u00edstup, co\u017e ocen\u00ed hlavn\u011b d\u011bti. Starov\u011bk\u00e9 poh\u0159ebi\u0161t\u011b\u00a0<b>Necropoli di Anghelu Ruiu<\/b> se skl\u00e1d\u00e1 z 38 hrobek z let 3 300 &#8211; 2 700 p\u0159.n.l. Tyto hrobky se d\u011bl\u00ed na dva druhy. Ty star\u0161\u00ed se stejnom\u011brn\u011b tvarovan\u00fdm vchodem maj\u00ed nepravideln\u011b rozlo\u017een\u00e9 komory, zat\u00edmco nov\u011bj\u0161\u00ed maj\u00ed otev\u0159enou pas\u00e1\u017e, kolem kter\u00e9 byly pravideln\u011b um\u00edst\u011bny komory s mrtv\u00fdmi. N\u00e1zev Anghelu Ruiu je tak\u00e9 spojov\u00e1n se skv\u011bl\u00fdm dezertn\u00edm v\u00ednem, kter\u00e9 vyr\u00e1b\u00ed 2 km od t\u00e9to nekropole Sella a Mosca. M\u016f\u017eete zde nav\u0161t\u00edvit vinn\u00fd skl\u00edpek nebo si prohl\u00e9dnout tradi\u010dn\u00ed metody v\u00fdroby.<\/p>\n<p><b>Palmavera 80 Km<\/b><\/p>\n<p>Nuraghe di Palmavera &#8211; tak\u00e9 tato pam\u00e1tka se nach\u00e1z\u00ed v bezprost\u0159edn\u00ed bl\u00edzkosti leti\u0161t\u011b. Jedn\u00e1 se o komplex sest\u00e1vaj\u00edc\u00ed z dvojit\u00e9ho nuragu a zbytky vesnice rozkl\u00e1daj\u00edc\u00ed se 10 km od Alghera. Vznikl mezi 13. a 6. stol. p\u0159. n.l. Sou\u010d\u00e1st\u00ed komplexu je kruhov\u00fd d\u016fm s modelem nur\u00e1gu uprost\u0159ed. Tato vesnice je star\u00e1 p\u0159es 3 500 let a uprost\u0159ed stoj\u00ed v\u00e1pencov\u00e1 v\u011b\u017e a ov\u00e1ln\u00e1 budova s p\u00edskovcovou v\u011b\u017e\u00ed. Okolo stoj\u00ed zbytky mal\u00fdch v\u011b\u017e\u00ed a zdi ba\u0161t. Kulat\u00e9 obydl\u00ed Capanna delle Riunioni m\u00e1 zdi lemovan\u00e9 n\u00edzkou kamennou lavic\u00ed, na kter\u00e9 pravd\u011bpodobn\u011b zasedala rada star\u0161\u00edch. Tato budova byla pravd\u011bpodobn\u011b k nuraghu p\u0159istav\u011bna a o jej\u00ed minulosti se toho moc nev\u00ed. P\u0159i n\u00e1v\u0161t\u011bv\u011b lze zakoupit kombinovan\u00fd l\u00edstek, tak\u00e9 pro vstup do nekropole Anghelu Ruiu.<\/p>\n<p>Tento komplex je p\u0159\u00edstupn\u00fd od dubna do \u0159\u00edjna. Od n\u011bj vede turistick\u00e1 cesta po jednom z okruh\u016f p\u0159\u00edrodn\u00ed rezervace Baia di Conte.<\/p>\n<p><b>Arzachena<\/b><b><\/b><\/p>\n<p>M\u011bste\u010dko le\u017e\u00edc\u00ed v Gallu\u0159e na silnici spojuj\u00edc\u00ed Palau s Olbi\u00ed, nedaleko Costa Smeralda. M\u00e1 asi 10 tis\u00edc obyvatel. M\u00edsto bylo podle \u010detn\u00fdch n\u00e1lez\u016f obydleno u\u017e v prehistorick\u00e9 dob\u011b. V dob\u011b \u0159\u00edmsk\u00e9ho imp\u00e9ria se zde nach\u00e1zely dv\u011b osady \u2013 <i>Tubulus Maior<\/i> a <i>Tubulus Minor<\/i>, kter\u00e9 slou\u017eilily jako z\u00e1sobovac\u00ed stanice pro p\u0159esuny \u0159\u00edmsk\u00fdch legi\u00ed. Ve st\u0159edov\u011bku se Arzachena jmenovala <i>Arseguen<\/i>.Nejv\u011bt\u0161\u00ed kuriozitou Arzacheny je skaln\u00ed \u00fatvar <b>Fungo<\/b> (Houba) nach\u00e1zej\u00edc\u00ed se u vjezdu do obce. Za zm\u00ednku stoj\u00ed dva kostely \u2013 <b>Santa Maria della Neve<\/b> a <b>Santa Maria Maggiore<\/b>.<b> <\/b>V bl\u00edzk\u00e9m okol\u00ed Arzacheny se nach\u00e1z\u00ed n\u011bkolik zaj\u00edmav\u00fdch archeologick\u00fdch lokalit:<\/p>\n<p><b>Malchittu<\/b> le\u017e\u00edc\u00ed vlevo od silnice SS131 sm\u011brem na Olbii. Je zde n\u011bkolik nuragijsk\u00fdch kruhov\u00fdch p\u0159\u00edbytk\u016f a poz\u016fstatky nuragov\u00e9 v\u011b\u017ee. V bl\u00edzkosti se nach\u00e1z\u00ed svatyn\u011b Tempietto Malchittu z 10. stolet\u00ed p\u0159ed Kristem. Skl\u00e1d\u00e1 se z atriov\u00e9 p\u0159eds\u00edn\u011b a vlastn\u00ed svatyn\u011b ve tvaru elipsy. Uvnit\u0159 je ritu\u00e1ln\u00ed ohni\u0161t\u011b a lavice, kter\u00e1 z\u0159ejm\u011b slou\u017eila jako olt\u00e1\u0159. Ve st\u011bn\u00e1ch jsou \u010dty\u0159i v\u00fdklenky pro ob\u0159adn\u00ed p\u0159edm\u011bty.<b><\/b><\/p>\n<p><b>Albucciu<\/b> le\u017e\u00edc\u00ed asi 3 km ji\u017en\u011b od m\u011bste\u010dka poch\u00e1z\u00ed z doby kolem 1220 p\u0159ed Kristem. M\u00e1 trochu netypickou chodbovou podobu a zadn\u00ed st\u011bnou se op\u00edr\u00e1 p\u0159\u00edrodn\u00ed skaln\u00ed st\u011bnu, zat\u00edmco vstup s vyu\u017eit\u00edm architr\u00e1vu se otv\u00edr\u00e1 k v\u00fdchodu. Schody vedou na terasu a prostor\u016f v horn\u00edm pat\u0159e.<\/p>\n<p><script><br \/>\n  (function(i,s,o,g,r,a,m){i['GoogleAnalyticsObject']=r;i[r]=i[r]||function(){<br \/>\n  (i[r].q=i[r].q||[]).push(arguments)},i[r].l=1*new Date();a=s.createElement(o),<br \/>\n  m=s.getElementsByTagName(o)[0];a.async=1;a.src=g;m.parentNode.insertBefore(a,m)<br \/>\n  })(window,document,'script','\/\/www.google-analytics.com\/analytics.js','ga');<\/p>\n<p>  ga('create', 'UA-72010429-1', 'auto');<br \/>\n  ga('send', 'pageview');<\/p>\n<p><\/script><\/p>\n","protected":false},"excerpt":{"rendered":"<p>Castelsardo\u00a0 P\u011b\u0161ky pod\u00e9l pob\u0159e\u017e\u00ed, nebo autem kolem kopce se dostanete po p\u00e1r kilometrech k nezapomenuteln\u00e9mu historick\u00e9mu m\u011bste\u010dku Castelsardo. Toto m\u00edsto je hojn\u011b nav\u0161t\u011bvov\u00e1no turisty a je kulturn\u00edm centrem oblasti. Za n\u00e1v\u0161t\u011bvu stoj\u00ed jak historick\u00e9 centrum za hradbami, tak p\u016fsobiv\u00e9 zahrady na pob\u0159e\u017e\u00ed pod hradbami. Roccia d&#8217;elefante Pouze n\u011bkolik kilometr\u016f od n\u00e1s sm\u011brem na Castelsardo se nach\u00e1z\u00ed poz\u016fstatek skaln\u00edch hrobek, kter\u00fd se pro sv\u016fj tvar naz\u00fdv\u00e1 slon\u00ed sk\u00e1lou a je symbolem cel\u00e9 oblasti. Na druh\u00e9 stran\u011b silnice naproti sk\u00e1le vedou kamenn\u00e9 schody, kter\u00e9 v\u00e1s dovedou do piniov\u00e9ho h\u00e1jku, kde je mo\u017en\u00e9 se v parn\u00e9m dni p\u0159\u00edjemn\u011b proj\u00edt. Sedini (10,5 Km) Ve vesnici\u00a0Sedini\u00a0jsou k vid\u011bn\u00ed dob\u0159e dochovan\u00e9 skaln\u00ed hrobky domus de janas, kter\u00e9 se nach\u00e1zej\u00ed uvnit\u0159 sk\u00e1ly. Tyto hrobky ve st\u0159edov\u011bku vyu\u017e\u00edvali farm\u00e1\u0159i jako svoje domky. Pot\u00e9 se hrobky a\u017e do 19. stolet\u00ed pou\u017e\u00edvaly jako v\u011bznice, a pot\u00e9 znovu slou\u017eily jako domy. V\u00a0dom\u011b je mal\u00e9 museum a vnit\u0159ek domu je mo\u017en\u00e9 si voln\u011b bez pr\u016fvodce prohl\u00e9dnout za symbolick\u00e9 vstupn\u00e9. D\u00e1le je zde p\u016fsobiv\u00e1 krasov\u00e1 jeskyn\u011b, rom\u00e1nsk\u00fd kostel\u00edk, poutav\u00fd h\u0159bitov a nespo\u010det kr\u00e1sn\u00fdch v\u00fdhled\u016f a z\u00e1kout\u00ed. Samotn\u00e1 vesni\u010dka je velice malebn\u00e1, nach\u00e1z\u00ed se zde malovan\u00e9 domy, kr\u00e1sn\u00fd par\u010d\u00edk s d\u011btsk\u00fdch h\u0159i\u0161t\u011bm a p\u0159\u00edjemn\u00e9 uli\u010dky. V museu u skaln\u00edho domu je mo\u017en\u00e9 domluvit organizovan\u00e9 v\u00fdlety do m\u00edstn\u00ed p\u0159\u00edrody s pr\u016fvodcem (n\u00e1v\u0161t\u011bva jeskyn\u00ed, vodop\u00e1d\u016f, horsk\u00fdch stezek&#8230;) Monte d\u2019Accodi (40 km) Posv\u00e1tn\u00e1 megalitick\u00e1 stavba ve tvaru pyramidy s dlouhou p\u0159\u00edstupovou &#8222;rampou&#8220;, je\u017e byla vybudov\u00e1na na m\u00edst\u011b vesnice &#8222;oziersk\u00e9&#8220; kultury. Z t\u00e9 se zachovaly dolmen a menhir, 7 km na jihov\u00fdchod od porto Torres. Opravdu p\u016fsobiv\u00e9 jidine\u010dn\u00e9 <a class=\"read-more\" href=\"https:\/\/www.nasardinku.cz\/?page_id=152\">Continue Reading &#8594;<\/a><\/p>\n","protected":false},"author":1,"featured_media":0,"parent":13,"menu_order":0,"comment_status":"open","ping_status":"open","template":"","meta":{"footnotes":""},"class_list":["post-152","page","type-page","status-publish","hentry"],"_links":{"self":[{"href":"https:\/\/www.nasardinku.cz\/index.php?rest_route=\/wp\/v2\/pages\/152","targetHints":{"allow":["GET"]}}],"collection":[{"href":"https:\/\/www.nasardinku.cz\/index.php?rest_route=\/wp\/v2\/pages"}],"about":[{"href":"https:\/\/www.nasardinku.cz\/index.php?rest_route=\/wp\/v2\/types\/page"}],"author":[{"embeddable":true,"href":"https:\/\/www.nasardinku.cz\/index.php?rest_route=\/wp\/v2\/users\/1"}],"replies":[{"embeddable":true,"href":"https:\/\/www.nasardinku.cz\/index.php?rest_route=%2Fwp%2Fv2%2Fcomments&post=152"}],"version-history":[{"count":9,"href":"https:\/\/www.nasardinku.cz\/index.php?rest_route=\/wp\/v2\/pages\/152\/revisions"}],"predecessor-version":[{"id":2457,"href":"https:\/\/www.nasardinku.cz\/index.php?rest_route=\/wp\/v2\/pages\/152\/revisions\/2457"}],"up":[{"embeddable":true,"href":"https:\/\/www.nasardinku.cz\/index.php?rest_route=\/wp\/v2\/pages\/13"}],"wp:attachment":[{"href":"https:\/\/www.nasardinku.cz\/index.php?rest_route=%2Fwp%2Fv2%2Fmedia&parent=152"}],"curies":[{"name":"wp","href":"https:\/\/api.w.org\/{rel}","templated":true}]}}