{"id":247,"date":"2014-05-31T12:36:43","date_gmt":"2014-05-31T10:36:43","guid":{"rendered":"http:\/\/www.nasardinku.cz\/?page_id=247"},"modified":"2025-01-23T13:01:00","modified_gmt":"2025-01-23T12:01:00","slug":"nas-apartman-2","status":"publish","type":"page","link":"https:\/\/www.nasardinku.cz\/?page_id=247","title":{"rendered":"Na\u0161e ubytov\u00e1n\u00ed"},"content":{"rendered":"<p><a href=\"http:\/\/www.nasardinku.cz\/?page_id=1065\">Domek La Ciaccia<\/a><\/p>\n<p><a href=\"https:\/\/www.nasardinku.cz\/?page_id=856\">Costa Paradiso<\/a><\/p>\n<p><a href=\"https:\/\/www.nasardinku.cz\/?page_id=1411\">D\u016fm San Pietro<\/a><\/p>\n<p><a title=\"Podm\u00ednky ubytov\u00e1n\u00ed\" href=\"http:\/\/www.nasardinku.cz\/?page_id=250\">Podm\u00ednky ubytov\u00e1n\u00ed<\/a><\/p>\n<p><script type=\"text\/javascript\">\/\/ <![CDATA[ (function(i,s,o,g,r,a,m){i['GoogleAnalyticsObject']=r;i[r]=i[r]||function(){ (i[r].q=i[r].q||[]).push(arguments)},i[r].l=1*new Date();a=s.createElement(o), m=s.getElementsByTagName(o)[0];a.async=1;a.src=g;m.parentNode.insertBefore(a,m) })(window,document,'script','\/\/www.google-analytics.com\/analytics.js','ga'); ga('create', 'UA-72010429-1', 'auto'); ga('send', 'pageview'); \/\/ ]]><\/script><\/p>\n","protected":false},"excerpt":{"rendered":"<p>Domek La Ciaccia Costa Paradiso D\u016fm San Pietro Podm\u00ednky ubytov\u00e1n\u00ed<\/p>\n","protected":false},"author":1,"featured_media":0,"parent":0,"menu_order":3,"comment_status":"open","ping_status":"open","template":"","meta":{"footnotes":""},"class_list":["post-247","page","type-page","status-publish","hentry"],"_links":{"self":[{"href":"https:\/\/www.nasardinku.cz\/index.php?rest_route=\/wp\/v2\/pages\/247","targetHints":{"allow":["GET"]}}],"collection":[{"href":"https:\/\/www.nasardinku.cz\/index.php?rest_route=\/wp\/v2\/pages"}],"about":[{"href":"https:\/\/www.nasardinku.cz\/index.php?rest_route=\/wp\/v2\/types\/page"}],"author":[{"embeddable":true,"href":"https:\/\/www.nasardinku.cz\/index.php?rest_route=\/wp\/v2\/users\/1"}],"replies":[{"embeddable":true,"href":"https:\/\/www.nasardinku.cz\/index.php?rest_route=%2Fwp%2Fv2%2Fcomments&post=247"}],"version-history":[{"count":8,"href":"https:\/\/www.nasardinku.cz\/index.php?rest_route=\/wp\/v2\/pages\/247\/revisions"}],"predecessor-version":[{"id":2132,"href":"https:\/\/www.nasardinku.cz\/index.php?rest_route=\/wp\/v2\/pages\/247\/revisions\/2132"}],"wp:attachment":[{"href":"https:\/\/www.nasardinku.cz\/index.php?rest_route=%2Fwp%2Fv2%2Fmedia&parent=247"}],"curies":[{"name":"wp","href":"https:\/\/api.w.org\/{rel}","templated":true}]}}