{"id":250,"date":"2014-05-31T12:53:27","date_gmt":"2014-05-31T10:53:27","guid":{"rendered":"http:\/\/www.nasardinku.cz\/?page_id=250"},"modified":"2025-11-09T17:00:00","modified_gmt":"2025-11-09T16:00:00","slug":"podminky-ubytovani","status":"publish","type":"page","link":"https:\/\/www.nasardinku.cz\/?page_id=250","title":{"rendered":"Podm\u00ednky ubytov\u00e1n\u00ed"},"content":{"rendered":"<div>Pokud V\u00e1s na\u0161e ubytov\u00e1n\u00ed zaujalo, nev\u00e1hejte m\u011b zcela nez\u00e1vazn\u011b kontaktovat pro bli\u017e\u0161\u00ed informace a up\u0159esn\u011bn\u00ed term\u00ednu.<\/div>\n<div>P\u0159i objedn\u00e1n\u00ed V\u00e1s po\u017e\u00e1d\u00e1me o rezerva\u010dn\u00ed z\u00e1lohu ve v\u00fd\u0161i 30% a zablokujeme V\u00e1m term\u00edn v na\u0161em kalend\u00e1\u0159i.<\/div>\n<div><\/div>\n<div>Co se t\u00fd\u010de dodate\u010dn\u00fdch poplatk\u016f a n\u00e1klad\u016f s bydlen\u00edm:<\/div>\n<div><\/div>\n<div>&#8211; Platby na m\u00edst\u011b \u2013 na m\u00edst\u011b bude nutn\u00e9 uhradit v hotovosti pobytovou taxu (pro rok 2025 1,5 EUR \/ osoba \/ noc) a \u00faklid. M\u016f\u017eeme se dohodnout i na platb\u011b v CZK, p\u0159evodem \u010di kartou (p\u0159es internet).<\/div>\n<div>&#8211;<strong> Povle\u010den\u00ed<\/strong> &#8211; v ubytov\u00e1n\u00ed m\u00e1me k dispozici povle\u010den\u00ed a pra\u010dku.<\/div>\n<div>&#8211; Pes je povolen, samoz\u0159ejm\u011b po\u010d\u00edt\u00e1me se slu\u0161nost\u00ed a soudnost\u00ed n\u00e1jemn\u00edk\u016f, aby s sebou nebrali psa, kter\u00fd m\u00e1 ni\u010d\u00edc\u00ed sklony a tak\u00e9 po pejskovi dostate\u010dn\u011b uklid\u00ed.<\/div>\n<div>&#8211;<strong> Internet<\/strong>\u00a0 je dostupn\u00fd ve v\u0161ech na\u0161ich ubytov\u00e1n\u00edch. Stabilita p\u0159ipojen\u00ed na Sardinii m\u016f\u017ee kol\u00edsat.<\/div>\n<div>&#8211; <strong>Klimatizace<\/strong> na ubytov\u00e1n\u00edch je v cen\u011b, pros\u00edme o uv\u00e1\u017een\u00e9 pou\u017e\u00edv\u00e1n\u00ed.<\/div>\n<div>&#8211; Je mo\u017en\u00e9 zamluvit i m\u00e9n\u011b \u010di v\u00edce dn\u00ed ne\u017e t\u00fdden, cena je pak individu\u00e1ln\u00ed podle konkr\u00e9tn\u00edho term\u00ednu. P\u0159i del\u0161\u00edch pobytech 3 t\u00fddny a v\u00edce je cena tak\u00e9 individu\u00e1ln\u00ed.<\/div>\n<div><\/div>\n<div>&#8211; Ve\u0161ker\u00e9 detailn\u00ed bli\u017e\u0161\u00ed informace (t\u0159\u00edd\u011bn\u00ed odpadu, fungov\u00e1n\u00ed spot\u0159ebi\u010d\u016f atp.) jsou zaps\u00e1ny v manu\u00e1lech k ubytov\u00e1n\u00ed, kter\u00fd od n\u00e1s dostanete k dispozici a z\u00e1rove\u0148 jsou k dispozici v ubytovac\u00edch jednotk\u00e1ch.<\/div>\n<div><\/div>\n<div>\n<p><strong><span style=\"font-size: revert; color: initial;\">Platebn\u00ed podm\u00ednky:<\/span><\/strong><\/p>\n<\/div>\n<p>\u010c\u00edslo \u00fa\u010dtu je<strong> 1297048148\/3030<\/strong>, do pozn\u00e1mky pros\u00edm uv\u00e9st n\u00e1zev ubytov\u00e1n\u00ed, jm\u00e9no a term\u00edn.<\/p>\n<ul>\n<li>Z\u00e1loha ve v\u00fd\u0161i 30 % ihned p\u0159i rezervaci pobytu.<\/li>\n<\/ul>\n<p>Pokud nen\u00ed z\u00e1loha uhrazena, je rezervace br\u00e1na jako p\u0159edb\u011b\u017en\u00e1 a v p\u0159\u00edpad\u011b z\u00e1jmu jin\u00e9ho klienta m\u016f\u017ee b\u00fdt popt\u00e1van\u00fd term\u00edn ubytov\u00e1n\u00ed (a \/ nebo auto) p\u0159enech\u00e1n jin\u00e9mu klientovi.<\/p>\n<ul>\n<li>Zb\u00fdvaj\u00edc\u00ed \u010d\u00e1st (70 %) nejpozd\u011bji m\u011bs\u00edc p\u0159ed za\u010d\u00e1tkem pobytu.<\/li>\n<\/ul>\n<p><strong>Storno podm\u00ednky p\u0159i zru\u0161en\u00ed pobytu<\/strong>:<\/p>\n<ul>\n<li>v\u00edce ne\u017e 3 m\u011bs\u00edce p\u0159edem: vr\u00e1cen\u00ed 100% zaplacen\u00e9 z\u00e1lohy, kter\u00e1 bude sn\u00ed\u017een\u00e1 o manipula\u010dn\u00ed poplatek 3.000,- K\u010d<\/li>\n<li>m\u00e9n\u011b ne\u017e 3 m\u011bs\u00edce a v\u00edce ne\u017e 5 t\u00fddn\u016f \u2013 propad\u00e1 z\u00e1loha 30 %; pokud bude ji\u017e zaplacen doplatek (70 %), bude tento vr\u00e1cen v pln\u00e9 v\u00fd\u0161i.<\/li>\n<li>m\u00e9n\u011b ne\u017e 5 t\u00fddn\u016f \u2013 individu\u00e1ln\u00ed dohoda na z\u00e1klad\u011b obsazen\u00ed term\u00ednu (pokud se n\u00e1m povede term\u00edn obsadit, vr\u00e1t\u00edme V\u00e1m uhrazenou \u010d\u00e1stku n\u00e1hradn\u00edch klient\u016f sn\u00ed\u017eenou o manipula\u010dn\u00ed poplatek 3.000,- K\u010d; pokud se uvoln\u011bn\u00fd term\u00edn neobsad\u00ed, v\u0161e propad\u00e1).<\/li>\n<\/ul>\n<p>Doporu\u010dujeme uzav\u0159\u00edt poji\u0161t\u011bn\u00ed storna dovolen\u00e9 \u2013 tento produkt nab\u00edz\u00ed v\u00edce poji\u0161\u0165oven (m\u016f\u017ee b\u00fdt i sou\u010d\u00e1st\u00ed cestovn\u00edho poji\u0161t\u011bn\u00ed).<\/p>\n<p>Viz. <a href=\"https:\/\/www.top-pojisteni.cz\/cestovni-pojisteni\/rodinne-cestovni-pojisteni-s-pripojistenim-storno-cesty\">https:\/\/www.top-pojisteni.cz\/cestovni-pojisteni\/rodinne-cestovni-pojisteni-s-pripojistenim-storno-cesty<\/a><\/p>\n<p>Pozor na podm\u00ednky poji\u0161t\u011bn\u00ed, zejm\u00e9na na lh\u016ftu od uhrazen\u00ed (z\u00e1lohy) dovolen\u00e9 a uzav\u0159en\u00ed pojistky.<\/p>\n<div><\/div>\n<p><script><br \/>\n  (function(i,s,o,g,r,a,m){i['GoogleAnalyticsObject']=r;i[r]=i[r]||function(){<br \/>\n  (i[r].q=i[r].q||[]).push(arguments)},i[r].l=1*new Date();a=s.createElement(o),<br \/>\n  m=s.getElementsByTagName(o)[0];a.async=1;a.src=g;m.parentNode.insertBefore(a,m)<br \/>\n  })(window,document,'script','\/\/www.google-analytics.com\/analytics.js','ga');<\/p>\n<p>  ga('create', 'UA-72010429-1', 'auto');<br \/>\n  ga('send', 'pageview');<\/p>\n<p><\/script><\/p>\n","protected":false},"excerpt":{"rendered":"<p>Pokud V\u00e1s na\u0161e ubytov\u00e1n\u00ed zaujalo, nev\u00e1hejte m\u011b zcela nez\u00e1vazn\u011b kontaktovat pro bli\u017e\u0161\u00ed informace a up\u0159esn\u011bn\u00ed term\u00ednu. P\u0159i objedn\u00e1n\u00ed V\u00e1s po\u017e\u00e1d\u00e1me o rezerva\u010dn\u00ed z\u00e1lohu ve v\u00fd\u0161i 30% a zablokujeme V\u00e1m term\u00edn v na\u0161em kalend\u00e1\u0159i. Co se t\u00fd\u010de dodate\u010dn\u00fdch poplatk\u016f a n\u00e1klad\u016f s bydlen\u00edm: &#8211; Platby na m\u00edst\u011b \u2013 na m\u00edst\u011b bude nutn\u00e9 uhradit v hotovosti pobytovou taxu (pro rok 2025 1,5 EUR \/ osoba \/ noc) a \u00faklid. M\u016f\u017eeme se dohodnout i na platb\u011b v CZK, p\u0159evodem \u010di kartou (p\u0159es internet). &#8211; Povle\u010den\u00ed &#8211; v ubytov\u00e1n\u00ed m\u00e1me k dispozici povle\u010den\u00ed a pra\u010dku. &#8211; Pes je povolen, samoz\u0159ejm\u011b po\u010d\u00edt\u00e1me se slu\u0161nost\u00ed a soudnost\u00ed n\u00e1jemn\u00edk\u016f, aby s sebou nebrali psa, kter\u00fd m\u00e1 ni\u010d\u00edc\u00ed sklony a tak\u00e9 po pejskovi dostate\u010dn\u011b uklid\u00ed. &#8211; Internet\u00a0 je dostupn\u00fd ve v\u0161ech na\u0161ich ubytov\u00e1n\u00edch. Stabilita p\u0159ipojen\u00ed na Sardinii m\u016f\u017ee kol\u00edsat. &#8211; Klimatizace na ubytov\u00e1n\u00edch je v cen\u011b, pros\u00edme o uv\u00e1\u017een\u00e9 pou\u017e\u00edv\u00e1n\u00ed. &#8211; Je mo\u017en\u00e9 zamluvit i m\u00e9n\u011b \u010di v\u00edce dn\u00ed ne\u017e t\u00fdden, cena je pak individu\u00e1ln\u00ed podle konkr\u00e9tn\u00edho term\u00ednu. P\u0159i del\u0161\u00edch pobytech 3 t\u00fddny a v\u00edce je cena tak\u00e9 individu\u00e1ln\u00ed. &#8211; Ve\u0161ker\u00e9 detailn\u00ed bli\u017e\u0161\u00ed informace (t\u0159\u00edd\u011bn\u00ed odpadu, fungov\u00e1n\u00ed spot\u0159ebi\u010d\u016f atp.) jsou zaps\u00e1ny v manu\u00e1lech k ubytov\u00e1n\u00ed, kter\u00fd od n\u00e1s dostanete k dispozici a z\u00e1rove\u0148 jsou k dispozici v ubytovac\u00edch jednotk\u00e1ch. Platebn\u00ed podm\u00ednky: \u010c\u00edslo \u00fa\u010dtu je 1297048148\/3030, do pozn\u00e1mky pros\u00edm uv\u00e9st n\u00e1zev ubytov\u00e1n\u00ed, jm\u00e9no a term\u00edn. Z\u00e1loha ve v\u00fd\u0161i 30 % ihned p\u0159i rezervaci pobytu. Pokud nen\u00ed z\u00e1loha uhrazena, je rezervace br\u00e1na jako p\u0159edb\u011b\u017en\u00e1 a v p\u0159\u00edpad\u011b z\u00e1jmu jin\u00e9ho klienta m\u016f\u017ee b\u00fdt popt\u00e1van\u00fd term\u00edn ubytov\u00e1n\u00ed (a \/ nebo auto) p\u0159enech\u00e1n <a class=\"read-more\" href=\"https:\/\/www.nasardinku.cz\/?page_id=250\">Continue Reading &#8594;<\/a><\/p>\n","protected":false},"author":1,"featured_media":0,"parent":247,"menu_order":5,"comment_status":"open","ping_status":"open","template":"","meta":{"footnotes":""},"class_list":["post-250","page","type-page","status-publish","hentry"],"_links":{"self":[{"href":"https:\/\/www.nasardinku.cz\/index.php?rest_route=\/wp\/v2\/pages\/250","targetHints":{"allow":["GET"]}}],"collection":[{"href":"https:\/\/www.nasardinku.cz\/index.php?rest_route=\/wp\/v2\/pages"}],"about":[{"href":"https:\/\/www.nasardinku.cz\/index.php?rest_route=\/wp\/v2\/types\/page"}],"author":[{"embeddable":true,"href":"https:\/\/www.nasardinku.cz\/index.php?rest_route=\/wp\/v2\/users\/1"}],"replies":[{"embeddable":true,"href":"https:\/\/www.nasardinku.cz\/index.php?rest_route=%2Fwp%2Fv2%2Fcomments&post=250"}],"version-history":[{"count":27,"href":"https:\/\/www.nasardinku.cz\/index.php?rest_route=\/wp\/v2\/pages\/250\/revisions"}],"predecessor-version":[{"id":2444,"href":"https:\/\/www.nasardinku.cz\/index.php?rest_route=\/wp\/v2\/pages\/250\/revisions\/2444"}],"up":[{"embeddable":true,"href":"https:\/\/www.nasardinku.cz\/index.php?rest_route=\/wp\/v2\/pages\/247"}],"wp:attachment":[{"href":"https:\/\/www.nasardinku.cz\/index.php?rest_route=%2Fwp%2Fv2%2Fmedia&parent=250"}],"curies":[{"name":"wp","href":"https:\/\/api.w.org\/{rel}","templated":true}]}}