{"id":289,"date":"2014-06-22T23:27:23","date_gmt":"2014-06-22T21:27:23","guid":{"rendered":"http:\/\/www.nasardinku.cz\/?page_id=289"},"modified":"2026-01-30T15:37:00","modified_gmt":"2026-01-30T14:37:00","slug":"nejblizsi-plaze","status":"publish","type":"page","link":"https:\/\/www.nasardinku.cz\/?page_id=289","title":{"rendered":"Nejbli\u017e\u0161\u00ed pl\u00e1\u017ee"},"content":{"rendered":"<p>Ubytov\u00e1n\u00ed na San Pietro a mare se nach\u00e1z\u00ed p\u0159\u00edmo u \u0161irok\u00e9 p\u00edse\u010dn\u00e9 pl\u00e1\u017ee, kde se nach\u00e1z\u00ed tak\u00e9 delta \u0159eky prot\u00e9kaj\u00edc\u00ed \u00fadol\u00edm. Vytva\u0159\u00ed kouzeln\u00e1 z\u00e1kout\u00ed a mo\u017enost koup\u00e1n\u00ed pro mal\u00e9 d\u011bti p\u0159i velk\u00fdch vln\u00e1ch na mo\u0159i. Pod\u00e9l pl\u00e1\u017ee sm\u011brem na jih vede d\u0159ev\u011bn\u00e1 promen\u00e1da a kousek za n\u00ed se nach\u00e1z\u00ed m\u00edsto, kam se vl\u00e9v\u00e1 mal\u00fd pot\u016f\u010dek &#8211; ide\u00e1ln\u00ed m\u00edsto pro stav\u011bn\u00ed hrad\u016f, p\u0159ehrad atp. Na severn\u00ed stranu je mo\u017en\u00e9 doj\u00edt k m\u00edst\u016fm p\u00edse\u010dn\u00fdch dun porostl\u00fdch chr\u00e1n\u011bnou florou a lze zde pozorovat rozmanitou \u0161k\u00e1lu pt\u00e1k\u016f &#8211; ob\u010das je mo\u017en\u00e9 zahl\u00e9dnout i plame\u0148\u00e1ka.<\/p>\n<p>Pl\u00e1\u017e nach\u00e1zej\u00edc\u00ed se bezprost\u0159edn\u011b pod domem v La Ciaccia je sm\u00ed\u0161en\u00e1 &#8211; p\u00edsek, k\u00e1men. Ve vod\u011b je dno tvo\u0159eno velk\u00fdmi kamenn\u00fdmi platy, kter\u00e9 vytv\u00e1\u0159ej\u00ed brouzdali\u0161t\u011b. D\u011bti ocen\u00ed vyh\u0159\u00e1tou vodu a mno\u017estv\u00ed rybek a dal\u0161\u00edch mo\u0159sk\u00fdch \u017eivo\u010dich\u016f, ale d\u00e1le od b\u0159ehu pozor na v\u00fdskyt je\u017ek\u016f. Pl\u00e1\u017e nen\u00ed nijak vyj\u00edme\u010dn\u00e1, ale svou bl\u00edzkost\u00ed je p\u0159\u00edjemn\u00e1 ke kr\u00e1tk\u00fdm koupel\u00edm \u010di proch\u00e1zk\u00e1m k vod\u011b. \u00a0Typicky azurov\u00e9 barvy vody pak najdete kousek od domu na p\u00edse\u010dn\u00e9 pl\u00e1\u017ei. R\u016fzn\u00e9 \u010d\u00e1sti t\u00e9to p\u0159es 10 km dlouh\u00e9 pl\u00e1\u017ee maj\u00ed odli\u0161n\u00fd charakter, jak co do barvy a jemnosti p\u00edsku, p\u0159\u00edkrosti vstupu do vody, tak i vzhledu okol\u00ed. Vesni\u010dka La Ciaccia se nach\u00e1z\u00ed na ji\u017en\u00edm konci t\u00e9to dlouh\u00e9 pl\u00e1\u017ee. Sm\u011brem na sever od domku jsou tedy pl\u00e1\u017ee postupn\u011b \u0161ir\u0161\u00ed a p\u00edsek jemn\u011bj\u0161\u00ed, naopak sm\u011brem na jih se dostanete mezi \u00fatesy, sk\u00e1ly a mal\u00e9 schovan\u00e9 pl\u00e1\u017ee, pob\u0159e\u017e\u00ed je zde v\u00fdborn\u00e9 pro pot\u00e1p\u011bn\u00ed a \u0161norchlov\u00e1n\u00ed.<\/p>\n<p>Domek na Costa paradiso je zasazen do prost\u0159ed\u00ed p\u0159\u00edrodn\u00ed rezervace ve skal\u00e1ch. Pob\u0159e\u017e\u00ed je zde tvo\u0159eno p\u00edskovcov\u00fdmi \u00fatesy, mezi kter\u00fdmi se nach\u00e1z\u00ed tak\u00e9 jedna p\u00edse\u010dn\u00e1 pl\u00e1\u017e. Dal\u0161\u00ed jsou dostupn\u00e9 cca 15 minut autem. Skalnat\u00e9 pob\u0159e\u017e\u00ed je protk\u00e1no cesti\u010dkami nab\u00edzej\u00edc\u00ed opravdu \u00fachvatn\u00e9 scen\u00e9rie, koup\u00e1n\u00ed ve skal\u00e1ch je kr\u00e1sn\u00e9 \u010detn\u00fdmi z\u00e1kout\u00edmi\u00a0 a v\u00fdborn\u00e9 pro \u0161norchlov\u00e1n\u00ed.<\/p>\n<p><script><br \/>\n  (function(i,s,o,g,r,a,m){i['GoogleAnalyticsObject']=r;i[r]=i[r]||function(){<br \/>\n  (i[r].q=i[r].q||[]).push(arguments)},i[r].l=1*new Date();a=s.createElement(o),<br \/>\n  m=s.getElementsByTagName(o)[0];a.async=1;a.src=g;m.parentNode.insertBefore(a,m)<br \/>\n  })(window,document,'script','\/\/www.google-analytics.com\/analytics.js','ga');<\/p>\n<p>  ga('create', 'UA-72010429-1', 'auto');<br \/>\n  ga('send', 'pageview');<\/p>\n<p><\/script><\/p>\n","protected":false},"excerpt":{"rendered":"<p>Ubytov\u00e1n\u00ed na San Pietro a mare se nach\u00e1z\u00ed p\u0159\u00edmo u \u0161irok\u00e9 p\u00edse\u010dn\u00e9 pl\u00e1\u017ee, kde se nach\u00e1z\u00ed tak\u00e9 delta \u0159eky prot\u00e9kaj\u00edc\u00ed \u00fadol\u00edm. Vytva\u0159\u00ed kouzeln\u00e1 z\u00e1kout\u00ed a mo\u017enost koup\u00e1n\u00ed pro mal\u00e9 d\u011bti p\u0159i velk\u00fdch vln\u00e1ch na mo\u0159i. Pod\u00e9l pl\u00e1\u017ee sm\u011brem na jih vede d\u0159ev\u011bn\u00e1 promen\u00e1da a kousek za n\u00ed se nach\u00e1z\u00ed m\u00edsto, kam se vl\u00e9v\u00e1 mal\u00fd pot\u016f\u010dek &#8211; ide\u00e1ln\u00ed m\u00edsto pro stav\u011bn\u00ed hrad\u016f, p\u0159ehrad atp. Na severn\u00ed stranu je mo\u017en\u00e9 doj\u00edt k m\u00edst\u016fm p\u00edse\u010dn\u00fdch dun porostl\u00fdch chr\u00e1n\u011bnou florou a lze zde pozorovat rozmanitou \u0161k\u00e1lu pt\u00e1k\u016f &#8211; ob\u010das je mo\u017en\u00e9 zahl\u00e9dnout i plame\u0148\u00e1ka. Pl\u00e1\u017e nach\u00e1zej\u00edc\u00ed se bezprost\u0159edn\u011b pod domem v La Ciaccia je sm\u00ed\u0161en\u00e1 &#8211; p\u00edsek, k\u00e1men. Ve vod\u011b je dno tvo\u0159eno velk\u00fdmi kamenn\u00fdmi platy, kter\u00e9 vytv\u00e1\u0159ej\u00ed brouzdali\u0161t\u011b. D\u011bti ocen\u00ed vyh\u0159\u00e1tou vodu a mno\u017estv\u00ed rybek a dal\u0161\u00edch mo\u0159sk\u00fdch \u017eivo\u010dich\u016f, ale d\u00e1le od b\u0159ehu pozor na v\u00fdskyt je\u017ek\u016f. Pl\u00e1\u017e nen\u00ed nijak vyj\u00edme\u010dn\u00e1, ale svou bl\u00edzkost\u00ed je p\u0159\u00edjemn\u00e1 ke kr\u00e1tk\u00fdm koupel\u00edm \u010di proch\u00e1zk\u00e1m k vod\u011b. \u00a0Typicky azurov\u00e9 barvy vody pak najdete kousek od domu na p\u00edse\u010dn\u00e9 pl\u00e1\u017ei. R\u016fzn\u00e9 \u010d\u00e1sti t\u00e9to p\u0159es 10 km dlouh\u00e9 pl\u00e1\u017ee maj\u00ed odli\u0161n\u00fd charakter, jak co do barvy a jemnosti p\u00edsku, p\u0159\u00edkrosti vstupu do vody, tak i vzhledu okol\u00ed. Vesni\u010dka La Ciaccia se nach\u00e1z\u00ed na ji\u017en\u00edm konci t\u00e9to dlouh\u00e9 pl\u00e1\u017ee. Sm\u011brem na sever od domku jsou tedy pl\u00e1\u017ee postupn\u011b \u0161ir\u0161\u00ed a p\u00edsek jemn\u011bj\u0161\u00ed, naopak sm\u011brem na jih se dostanete mezi \u00fatesy, sk\u00e1ly a mal\u00e9 schovan\u00e9 pl\u00e1\u017ee, pob\u0159e\u017e\u00ed je zde v\u00fdborn\u00e9 pro pot\u00e1p\u011bn\u00ed a \u0161norchlov\u00e1n\u00ed. Domek na Costa paradiso je zasazen do prost\u0159ed\u00ed p\u0159\u00edrodn\u00ed rezervace ve skal\u00e1ch. Pob\u0159e\u017e\u00ed je zde tvo\u0159eno p\u00edskovcov\u00fdmi <a class=\"read-more\" href=\"https:\/\/www.nasardinku.cz\/?page_id=289\">Continue Reading &#8594;<\/a><\/p>\n","protected":false},"author":1,"featured_media":0,"parent":13,"menu_order":1,"comment_status":"open","ping_status":"open","template":"","meta":{"footnotes":""},"class_list":["post-289","page","type-page","status-publish","hentry"],"_links":{"self":[{"href":"https:\/\/www.nasardinku.cz\/index.php?rest_route=\/wp\/v2\/pages\/289","targetHints":{"allow":["GET"]}}],"collection":[{"href":"https:\/\/www.nasardinku.cz\/index.php?rest_route=\/wp\/v2\/pages"}],"about":[{"href":"https:\/\/www.nasardinku.cz\/index.php?rest_route=\/wp\/v2\/types\/page"}],"author":[{"embeddable":true,"href":"https:\/\/www.nasardinku.cz\/index.php?rest_route=\/wp\/v2\/users\/1"}],"replies":[{"embeddable":true,"href":"https:\/\/www.nasardinku.cz\/index.php?rest_route=%2Fwp%2Fv2%2Fcomments&post=289"}],"version-history":[{"count":9,"href":"https:\/\/www.nasardinku.cz\/index.php?rest_route=\/wp\/v2\/pages\/289\/revisions"}],"predecessor-version":[{"id":2459,"href":"https:\/\/www.nasardinku.cz\/index.php?rest_route=\/wp\/v2\/pages\/289\/revisions\/2459"}],"up":[{"embeddable":true,"href":"https:\/\/www.nasardinku.cz\/index.php?rest_route=\/wp\/v2\/pages\/13"}],"wp:attachment":[{"href":"https:\/\/www.nasardinku.cz\/index.php?rest_route=%2Fwp%2Fv2%2Fmedia&parent=289"}],"curies":[{"name":"wp","href":"https:\/\/api.w.org\/{rel}","templated":true}]}}