{"id":573,"date":"2014-07-03T22:09:57","date_gmt":"2014-07-03T20:09:57","guid":{"rendered":"http:\/\/www.nasardinku.cz\/?page_id=573"},"modified":"2016-01-05T14:54:51","modified_gmt":"2016-01-05T13:54:51","slug":"priroda","status":"publish","type":"page","link":"https:\/\/www.nasardinku.cz\/?page_id=573","title":{"rendered":"p\u0159\u00edroda"},"content":{"rendered":"<p><b>Perfugas a Martis (23 Km)<\/b><\/p>\n<p>V\u00a0okol\u00ed Perfugas se nach\u00e1z\u00ed \u00fachvatn\u00e9 p\u0159\u00edrodn\u00ed scen\u00e9rie. M\u00edstn\u00ed \u0159eka vytv\u00e1\u0159\u00ed vodop\u00e1dy, propasti, t\u016fn\u011b vhodn\u00e9 ke koup\u00e1n\u00ed. V\u00a0bl\u00edzkosti vesni\u010dky Martis jsou pak k\u00a0vid\u011bn\u00ed zn\u00e1m\u00e9 zkamen\u011bl\u00e9 stromy. Ve vesni\u010dce Sedini je mo\u017en\u00e9 v mal\u00e9m muzeu u skaln\u00edho domu domluvit v\u00fdpravu za kr\u00e1sami m\u00edstn\u00ed p\u0159\u00edrody s pr\u016fvodcem a nav\u0161t\u00edvit tak i skryt\u00e1 m\u00edsta, jeskyn\u011b apod.<\/p>\n<p><a href=\"http:\/\/www.nasardinku.cz\/wp-content\/uploads\/2014\/07\/20140616_174232.jpg\"><img loading=\"lazy\" decoding=\"async\" class=\"aligncenter size-full wp-image-675\" alt=\"20140616_174232\" src=\"http:\/\/www.nasardinku.cz\/wp-content\/uploads\/2014\/07\/20140616_174232.jpg\" width=\"4096\" height=\"2304\" srcset=\"https:\/\/www.nasardinku.cz\/wp-content\/uploads\/2014\/07\/20140616_174232.jpg 4096w, https:\/\/www.nasardinku.cz\/wp-content\/uploads\/2014\/07\/20140616_174232-300x168.jpg 300w, https:\/\/www.nasardinku.cz\/wp-content\/uploads\/2014\/07\/20140616_174232-1024x576.jpg 1024w\" sizes=\"auto, (max-width: 4096px) 100vw, 4096px\" \/><\/a><\/p>\n<p><b>Casteldoria (11 Km)<\/b><\/p>\n<p>Kousek od m\u011bste\u010dka Viddalba vyv\u011braj\u00ed do m\u00edstn\u00ed \u0159\u00ed\u010dky hork\u00e9 prameny. Toto m\u00edsto je n\u00e1dhern\u00e9 svou p\u0159\u00edrodou, scen\u00e9ri\u00ed skal a kopc\u016f, ojedin\u011blou florou a samoz\u0159ejm\u011b vodn\u00edm tokem s\u00a0hork\u00fdmi prameny dosahuj\u00edc\u00edmi v\u00a0n\u011bkter\u00fdch m\u00edstech a\u017e 70 \u00b0C. L\u00e1zn\u011b vybudovan\u00e9 na b\u0159ehu \u0159eky se specializuj\u00ed na l\u00e9\u010div\u00e9 bahno, kter\u00e9 se zde nach\u00e1z\u00ed. Z\u00a0tohoto hlediska nep\u016fsob\u00ed \u0159eka na pohled p\u0159\u00edli\u0161 v\u00e1bn\u011b, ale kupodivu dno nen\u00ed nijak v\u00fdrazn\u011b bahnit\u00e9 \u2013 sp\u00ed\u0161e kameny s\u00a0p\u00edskem.Pokud se vyd\u00e1te proti proudu dozadu kolem budovy, dostanete se na skrytou cesti\u010dku lemuj\u00edc\u00ed lesem tok \u0159eky, kde je mo\u017en\u00e9 se p\u0159\u00edjemn\u011b proj\u00edt ve st\u00ednu strom\u016f.<\/p>\n<p>Z v\u00fd\u0161e popsan\u00e9 cesty je tak\u00e9 mo\u017en\u00e9 pokra\u010dovat po n\u011bkolika des\u00edtk\u00e1ch metr\u016f odbo\u010dkou vpravo do kopce a dostat se tak na turistikou cestu vedouc\u00ed a\u017e na h\u0159eben skal. Zde se pokoch\u00e1te \u00fa\u017easn\u00fdmi v\u00fdhledy do okol\u00ed i na cel\u00e9 Lago del Coghinas a m\u016f\u017eete pokra\u010dovat a\u017e na v\u011b\u017e ty\u010d\u00edc\u00ed se nad cel\u00fdm \u00fadol\u00fdm. Tento v\u00fdlet v\u0159ele doporu\u010duji v chladn\u011bj\u0161\u00edch dnech, \u010di nave\u010der. D\u00e1 se proj\u00edt za 2-3 hodinky.<\/p>\n<p>V budov\u011b l\u00e1zn\u00ed na b\u0159ehu \u0159eky se nach\u00e1z\u00ed baz\u00e9n, kde je mo\u017en\u00fd vstup za 6 Eur\/hod, 10 Eur\/p\u016fl dne. Otev\u0159eno je po cel\u00fd rok.<\/p>\n<p><a href=\"http:\/\/www.nasardinku.cz\/wp-content\/uploads\/2014\/07\/20140610_105719.jpg\"><img loading=\"lazy\" decoding=\"async\" class=\"aligncenter size-full wp-image-673\" alt=\"20140610_105719\" src=\"http:\/\/www.nasardinku.cz\/wp-content\/uploads\/2014\/07\/20140610_105719.jpg\" width=\"4096\" height=\"2304\" srcset=\"https:\/\/www.nasardinku.cz\/wp-content\/uploads\/2014\/07\/20140610_105719.jpg 4096w, https:\/\/www.nasardinku.cz\/wp-content\/uploads\/2014\/07\/20140610_105719-300x168.jpg 300w, https:\/\/www.nasardinku.cz\/wp-content\/uploads\/2014\/07\/20140610_105719-1024x576.jpg 1024w\" sizes=\"auto, (max-width: 4096px) 100vw, 4096px\" \/><\/a><\/p>\n<p><strong>V\u00fdlet na h\u0159ebeny hor za Viddalbou<\/strong><\/p>\n<p>Z vesni\u010dky jm\u00e9nem Giuncana je mo\u017en\u00fd v\u00fd\u0161lap na h\u0159ebeny hor s p\u016fsobiv\u00fdmi v\u00fdhledy a proch\u00e1zkou mezi ohradami krav. Doporu\u010dujeme absolvovat v chladn\u011bj\u0161\u00edch dnech.<\/p>\n<p><a href=\"http:\/\/www.nasardinku.cz\/wp-content\/uploads\/2014\/07\/20150226_125922.jpg\"><img loading=\"lazy\" decoding=\"async\" class=\"aligncenter size-full wp-image-687\" alt=\"20150226_125922\" src=\"http:\/\/www.nasardinku.cz\/wp-content\/uploads\/2014\/07\/20150226_125922.jpg\" width=\"5184\" height=\"2916\" srcset=\"https:\/\/www.nasardinku.cz\/wp-content\/uploads\/2014\/07\/20150226_125922.jpg 5184w, https:\/\/www.nasardinku.cz\/wp-content\/uploads\/2014\/07\/20150226_125922-300x168.jpg 300w, https:\/\/www.nasardinku.cz\/wp-content\/uploads\/2014\/07\/20150226_125922-1024x576.jpg 1024w\" sizes=\"auto, (max-width: 5184px) 100vw, 5184px\" \/><\/a><\/p>\n<p><b>Hory v okol\u00ed Tempio Paussania (20Km)<\/b><\/p>\n<p>Vydat se by\u0165 jen naslepo do hor sm\u011brem do vnitrozem\u00ed, spolehliv\u011b naraz\u00edte na lokality, kter\u00e9 zaujmou t\u00e9m\u011b\u0159 na ka\u017ed\u00e9m kroku. Jen tak pro p\u0159edstavu m\u016f\u017eu zm\u00ednit:<\/p>\n<p>Monte Lerno<\/p>\n<p>Galleria mineraria Monte Tramentu<\/p>\n<p>Lago Lerno Patada<\/p>\n<p>Lago Coghinas<\/p>\n<p>Valle di luna<\/p>\n<p><b>Parco nacionale dell Asinara (72 Km)<\/b><\/p>\n<p>Stejnojmenn\u00fd ostrov\u00a0<em>Asinara<\/em>, na kter\u00e9m se n\u00e1rodn\u00ed park nach\u00e1z\u00ed, je druh\u00fdm nejv\u011bt\u0161\u00edm z ostrov\u016f administrativn\u011b n\u00e1le\u017eej\u00edc\u00edm k\u00a0<em>Sardinii<\/em><i>\u00a0<\/i>(po\u00a0<em>Sant\u2019 Antioco<\/em>). Le\u017e\u00ed p\u0159i jej\u00edm severoz\u00e1padn\u00edm okraji na dohled od mysu\u00a0<em>Capo del Falcone<\/em>, kter\u00fd je na protilehl\u00e9m poloostrov\u011b\u00a0<em>Stintino<\/em>. Z rozlohy parku p\u0159ipad\u00e1 na sou\u0161 necel\u00fdch 52 km<sup>2<\/sup>, zb\u00fdvaj\u00edc\u00ed \u010d\u00e1st zahrnuje pob\u0159e\u017en\u00ed p\u00e1smo i nemalou \u010d\u00e1st voln\u00e9ho mo\u0159e. Vnitrozem\u00ed ostrova tvo\u0159\u00ed p\u0159ev\u00e1\u017en\u011b ploch\u00e1, pom\u011brn\u011b f\u00e1dn\u00ed krajina a reli\u00e9f se v\u00fdrazn\u011bji zved\u00e1 a\u017e v jeho severn\u00ed \u010d\u00e1sti (<em>Punta della Scomunica<\/em>, 408 m n. m). V porovn\u00e1n\u00ed s t\u00edm pob\u0159e\u017e\u00ed nab\u00edz\u00ed rozmanitou p\u0159ehl\u00eddku stanovi\u0161\u0165 p\u0159\u00edmo\u0159sk\u00e9ho i ostrovn\u00edho charakteru \u2013 zat\u00edmco na z\u00e1padn\u00ed stran\u011b podaj\u00ed \u00fatesy se str\u017eemi a trhlinami strm\u011b a\u017e 50 m pod hladinu, na v\u00fdchod\u011b b\u0159eh i dno s p\u00eds\u010dit\u00fdmi n\u00e1nosy klesaj\u00ed postupn\u011b. Na relativn\u00ed zachovalosti prost\u0159ed\u00ed se do jist\u00e9 m\u00edry pod\u00edlela i v\u00edce ne\u017e stolet\u00e1 izolovanost ostrova, nebo\u0165 p\u0159ed zalo\u017een\u00edm parku zde byla jedna z nejp\u0159\u00edsn\u011bji hl\u00eddan\u00fdch v\u011bznic v\u00a0<em>It\u00e1lii<\/em>.<\/p>\n<p>Na ostrov\u011b je hojn\u011b chov\u00e1no plemeno mal\u00fdch b\u00edl\u00fdch osl\u00edk\u016f, podle kter\u00fdch dostal ostrov sv\u00e9 jm\u00e9no.<\/p>\n<p><b>Parco nacionale di baia di Conte<\/b><\/p>\n<p>Kousek od leti\u0161t\u011b v Algheru se je\u0161t\u011b p\u0159ed jeskyn\u011bmi Grotta di Nettuno nach\u00e1z\u00ed mno\u017estv\u00ed zna\u010den\u00fdch tras po n\u00e1rodn\u00edm parku. N\u011bkter\u00e9 z nich jsou voln\u011b p\u0159\u00edstupn\u00e9, n\u011bkter\u00e9 za m\u00edrn\u00fd poplatek. V apartm\u00e1nu je k dispozici mapa t\u011bchto tras &#8211; jednozna\u010dn\u011b doporu\u010duji k vid\u011bn\u00ed.<\/p>\n<p><b>Neptunova jeskyn<\/b><b>e<\/b><b> <\/b><b>\u2013<\/b><b> Grotta di Nettuno (86 Km)<\/b><\/p>\n<p>Tato zn\u00e1m\u00e1 jeskyn\u011b se nach\u00e1z\u00ed se u paty skaliska Capo Caccia, asi 25 km z\u00e1padn\u011b od Alghera. Je dosa\u017eiteln\u00e1 bu\u010f po schodi\u0161ti Escala Cabirol vytesan\u00e9m z vn\u011bj\u0161ku do masivu a \u010d\u00edtaj\u00edc\u00edm 656 stup\u0148\u016f, nebo jednodu\u0161eji p\u0159\u00edmo z mo\u0159e pomoc\u00ed v\u00fdletn\u00edho \u010dlunu.<br \/>\nGrotta di Nettuno je kr\u00e1pn\u00edkov\u00e1 jeskyn\u011b, dlouh\u00e1 kolem 1 200 metr\u016f, kter\u00e1 ve v\u0161ech s\u00e1lech a galeri\u00edch nab\u00edz\u00ed \u00fachvatn\u00e9 pohledy. Mezi kr\u00e1pn\u00edky jsou v\u00fdklenky s prohlubn\u011bmi, krasov\u00fdmi sloupy a jez\u00edrky. Nejv\u011bt\u0161\u00ed podzemn\u00ed jez\u00edrko je 9 m hlubok\u00e9, dlouh\u00e9 120 m a \u0161irok\u00e9 25 a\u017e 50 m. D\u00edky t\u011bmto div\u016fm p\u0159\u00edrody p\u016fsob\u00ed cel\u00e1 jeskyn\u011b jako p\u0159elud. Podle legendy pr\u00e1v\u011b tady s\u00eddlil b\u016fh mo\u0159\u00ed Neptun. Jeskyn\u011b je p\u0159\u00edstupn\u00e1 prohl\u00eddk\u00e1m od 8.00 do 19.00 hodin v\u017edy v\u00a0celou hodinu a jedna prohl\u00eddka s pr\u016fvodcem trv\u00e1 kolem 40 minut. V\u011bt\u0161inu \u010dasu p\u016fjdete okolo fantasticky nasv\u00edcen\u00fdch stalagmit\u016f a stalaktit\u016f.<br \/>\nCesta dol\u016f po schodech trv\u00e1 15 &#8211; 20 minut, tak\u017ee je vhodn\u00e9 p\u0159ipravit si p\u0159\u00edchod k Neptunov\u011b jeskyni tak, abyste stihli n\u00e1sleduj\u00edc\u00ed prohl\u00eddku.<\/p>\n<p><b>Monti del Gennargentu (180 Km) <\/b><em>N\u00e1m\u011bt na vzd\u00e1len\u011bj\u0161\u00ed v\u00fdlet p\u0159i del\u0161\u00edch pobytech<\/em><\/p>\n<p>Kdo m\u00e1 r\u00e1d hory, jist\u011b nepohrdne v\u00fdlety po Sardsk\u00e9m nejvy\u0161\u0161\u00edm poho\u0159\u00ed. Poho\u0159\u00ed je protk\u00e1no mno\u017estv\u00edm turistick\u00fdch cest, je zde nespo\u010det stud\u00e1nek, kde se m\u016f\u017eete osv\u011b\u017eit a v\u00a0zimn\u00edch m\u011bs\u00edc\u00edch se zde d\u00e1 dokonce ly\u017eovat. Jedna z\u00a0mo\u017enost\u00ed je vyrazit z\u00a0k\u0159i\u017eovatky Arcu Gennargentu, odkud se nab\u00edz\u00ed hned n\u011bkolik mo\u017enost\u00ed k\u00a0v\u00fdletu.<\/p>\n<p><b>Cala Gonone 200 Km <\/b>N\u00e1m\u011bt na vzd\u00e1len\u011bj\u0161\u00ed v\u00fdlet p\u0159i del\u0161\u00edch pobytech<\/p>\n<p>Pro milovn\u00edky hor, kte\u0159\u00ed jsou ochotni zajet i d\u00e1l je nesporn\u011b v\u00fdborn\u00fdm n\u00e1m\u011btem na v\u00fdlet okol\u00ed vesnice Cala Gonone. V\u00a0jej\u00edm okol\u00ed se nach\u00e1z\u00ed nespo\u010det \u00fachvatn\u00fdch m\u00edst, v\u00fdhled\u016f a p\u0159\u00edle\u017eitost\u00ed k\u00a0horsk\u00fdm t\u00far\u00e1m. Za zm\u00ednku stoj\u00ed nap\u0159\u00edklad sout\u011bska Gola di Goroppu &#8211; Sout\u011bska je obklopena skalami, kter\u00e9 dosahuj\u00ed v\u00fd\u0161ky a\u017e 500 metr\u016f. Pob\u0159e\u017e\u00ed je lemov\u00e1no z\u00e1tokami, \u00fatesy a jeskyn\u011bmi.<\/p>\n<p><b>La Maddalena (82Km) <\/b><em>N\u00e1m\u011bt na vzd\u00e1len\u011bj\u0161\u00ed v\u00fdlet p\u0159i del\u0161\u00edch pobytech<\/em><\/p>\n<p>Je to n\u00e1zev souostrov\u00ed 7 velk\u00fdch ostrov\u016f a v\u011bt\u0161\u00edho po\u010dtu malink\u00fdch ostr\u016fvk\u016f na severn\u00edm pob\u0159e\u017e\u00ed. Cel\u00e9 souostrov\u00ed se jmenuje podle jeho nejv\u011bt\u0161\u00edho ostrova La Maddalena a je to i n\u00e1zev m\u011bsta. Ostrovy se jmenuj\u00ed: La Maddalena, Caprera,Spargi, San Stefano, Budelli, Santa Maria aRazzoli). Cel\u00e9 souostrov\u00ed je n\u00e1rodn\u00ed park se jm\u00e9nem La Maddalena.<\/p>\n<p>Ostrov La Maddalena je jedin\u00fd obydlen\u00fd a ka\u017edou hodinu jej spojuj\u00ed trajekty (p\u0159\u00edvozy) z p\u0159\u00edstavu Palau a Santa Teresa di Gallura. Je zde i spojen\u00ed s Korsikou (Bonifacio).<\/p>\n<p>Autem nebo na kole m\u016f\u017eete objet nejen celou Maddalenu, ale po \u0161\u00edji a po most\u011b i ostrov Caprera. M\u016f\u017eete zde nav\u0161t\u00edvit n\u00e1mo\u0159n\u00ed archeologick\u00e9 muzeum.<\/p>\n<p>Kr\u00e1sn\u00fdm z\u00e1\u017eitkem je \u00fadajn\u011b v\u00fdlet lod\u00ed na ostrovy, kde je na Budelli k vid\u011bn\u00ed kr\u00e1sn\u00e1 r\u016f\u017eov\u00e1 pl\u00e1\u017e Spiaggie Rosa.<\/p>\n<p>Ostrov Caprera je vyhled\u00e1van\u00fd nejen pro p\u0159\u00edrodn\u00ed kr\u00e1sy, ale i proto \u017ee zde \u017eil a je zde pochov\u00e1n italsk\u00fd n\u00e1rodn\u00ed hrdina Giuseppe Garibaldi.\u00a0 V jeho dom\u011b je situov\u00e1no jeho muzeum (pozor v pond\u011bl\u00ed je zav\u0159eno).<\/p>\n<p>&nbsp;<\/p>\n<p><script>\n  (function(i,s,o,g,r,a,m){i['GoogleAnalyticsObject']=r;i[r]=i[r]||function(){\n  (i[r].q=i[r].q||[]).push(arguments)},i[r].l=1*new Date();a=s.createElement(o),\n  m=s.getElementsByTagName(o)[0];a.async=1;a.src=g;m.parentNode.insertBefore(a,m)\n  })(window,document,'script','\/\/www.google-analytics.com\/analytics.js','ga');<\/p>\n<p>  ga('create', 'UA-72010429-1', 'auto');\n  ga('send', 'pageview');<\/p>\n<p><\/script><\/p>\n","protected":false},"excerpt":{"rendered":"<p>Perfugas a Martis (23 Km) V\u00a0okol\u00ed Perfugas se nach\u00e1z\u00ed \u00fachvatn\u00e9 p\u0159\u00edrodn\u00ed scen\u00e9rie. M\u00edstn\u00ed \u0159eka vytv\u00e1\u0159\u00ed vodop\u00e1dy, propasti, t\u016fn\u011b vhodn\u00e9 ke koup\u00e1n\u00ed. V\u00a0bl\u00edzkosti vesni\u010dky Martis jsou pak k\u00a0vid\u011bn\u00ed zn\u00e1m\u00e9 zkamen\u011bl\u00e9 stromy. Ve vesni\u010dce Sedini je mo\u017en\u00e9 v mal\u00e9m muzeu u skaln\u00edho domu domluvit v\u00fdpravu za kr\u00e1sami m\u00edstn\u00ed p\u0159\u00edrody s pr\u016fvodcem a nav\u0161t\u00edvit tak i skryt\u00e1 m\u00edsta, jeskyn\u011b apod. Casteldoria (11 Km) Kousek od m\u011bste\u010dka Viddalba vyv\u011braj\u00ed do m\u00edstn\u00ed \u0159\u00ed\u010dky hork\u00e9 prameny. Toto m\u00edsto je n\u00e1dhern\u00e9 svou p\u0159\u00edrodou, scen\u00e9ri\u00ed skal a kopc\u016f, ojedin\u011blou florou a samoz\u0159ejm\u011b vodn\u00edm tokem s\u00a0hork\u00fdmi prameny dosahuj\u00edc\u00edmi v\u00a0n\u011bkter\u00fdch m\u00edstech a\u017e 70 \u00b0C. L\u00e1zn\u011b vybudovan\u00e9 na b\u0159ehu \u0159eky se specializuj\u00ed na l\u00e9\u010div\u00e9 bahno, kter\u00e9 se zde nach\u00e1z\u00ed. Z\u00a0tohoto hlediska nep\u016fsob\u00ed \u0159eka na pohled p\u0159\u00edli\u0161 v\u00e1bn\u011b, ale kupodivu dno nen\u00ed nijak v\u00fdrazn\u011b bahnit\u00e9 \u2013 sp\u00ed\u0161e kameny s\u00a0p\u00edskem.Pokud se vyd\u00e1te proti proudu dozadu kolem budovy, dostanete se na skrytou cesti\u010dku lemuj\u00edc\u00ed lesem tok \u0159eky, kde je mo\u017en\u00e9 se p\u0159\u00edjemn\u011b proj\u00edt ve st\u00ednu strom\u016f. Z v\u00fd\u0161e popsan\u00e9 cesty je tak\u00e9 mo\u017en\u00e9 pokra\u010dovat po n\u011bkolika des\u00edtk\u00e1ch metr\u016f odbo\u010dkou vpravo do kopce a dostat se tak na turistikou cestu vedouc\u00ed a\u017e na h\u0159eben skal. Zde se pokoch\u00e1te \u00fa\u017easn\u00fdmi v\u00fdhledy do okol\u00ed i na cel\u00e9 Lago del Coghinas a m\u016f\u017eete pokra\u010dovat a\u017e na v\u011b\u017e ty\u010d\u00edc\u00ed se nad cel\u00fdm \u00fadol\u00fdm. Tento v\u00fdlet v\u0159ele doporu\u010duji v chladn\u011bj\u0161\u00edch dnech, \u010di nave\u010der. D\u00e1 se proj\u00edt za 2-3 hodinky. V budov\u011b l\u00e1zn\u00ed na b\u0159ehu \u0159eky se nach\u00e1z\u00ed baz\u00e9n, kde je mo\u017en\u00fd vstup za 6 Eur\/hod, 10 Eur\/p\u016fl dne. Otev\u0159eno je po cel\u00fd rok. V\u00fdlet na h\u0159ebeny hor za Viddalbou Z <a class=\"read-more\" href=\"https:\/\/www.nasardinku.cz\/?page_id=573\">Continue Reading &#8594;<\/a><\/p>\n","protected":false},"author":1,"featured_media":0,"parent":13,"menu_order":0,"comment_status":"open","ping_status":"open","template":"","meta":{"footnotes":""},"class_list":["post-573","page","type-page","status-publish","hentry"],"_links":{"self":[{"href":"https:\/\/www.nasardinku.cz\/index.php?rest_route=\/wp\/v2\/pages\/573","targetHints":{"allow":["GET"]}}],"collection":[{"href":"https:\/\/www.nasardinku.cz\/index.php?rest_route=\/wp\/v2\/pages"}],"about":[{"href":"https:\/\/www.nasardinku.cz\/index.php?rest_route=\/wp\/v2\/types\/page"}],"author":[{"embeddable":true,"href":"https:\/\/www.nasardinku.cz\/index.php?rest_route=\/wp\/v2\/users\/1"}],"replies":[{"embeddable":true,"href":"https:\/\/www.nasardinku.cz\/index.php?rest_route=%2Fwp%2Fv2%2Fcomments&post=573"}],"version-history":[{"count":7,"href":"https:\/\/www.nasardinku.cz\/index.php?rest_route=\/wp\/v2\/pages\/573\/revisions"}],"predecessor-version":[{"id":828,"href":"https:\/\/www.nasardinku.cz\/index.php?rest_route=\/wp\/v2\/pages\/573\/revisions\/828"}],"up":[{"embeddable":true,"href":"https:\/\/www.nasardinku.cz\/index.php?rest_route=\/wp\/v2\/pages\/13"}],"wp:attachment":[{"href":"https:\/\/www.nasardinku.cz\/index.php?rest_route=%2Fwp%2Fv2%2Fmedia&parent=573"}],"curies":[{"name":"wp","href":"https:\/\/api.w.org\/{rel}","templated":true}]}}