{"id":92,"date":"2014-03-25T10:19:55","date_gmt":"2014-03-25T09:19:55","guid":{"rendered":"http:\/\/www.nasardinku.cz\/?page_id=92"},"modified":"2016-01-05T14:49:31","modified_gmt":"2016-01-05T13:49:31","slug":"plaze","status":"publish","type":"page","link":"https:\/\/www.nasardinku.cz\/?page_id=92","title":{"rendered":"Pl\u00e1\u017ee"},"content":{"rendered":"<p>B\u0159ehy Sardinie om\u00fdv\u00e1 z v\u011bt\u0161\u00ed \u010d\u00e1sti St\u0159edozemn\u00ed mo\u0159e; v\u00fdchodn\u00ed \u010d\u00e1st ostrova pak mo\u0159e Tyrh\u00e9nsk\u00e9, kter\u00e9 je sou\u010d\u00e1st\u00ed St\u0159edozemn\u00edho mo\u0159e le\u017e\u00edc\u00edho mezi Apeninsk\u00fdm poloostrovem a ostrovy Korsika, <strong>Sardinie<\/strong> a Sic\u00edlie.<\/p>\n<p>D\u00e9lka pob\u0159e\u017e\u00ed dosahuje 2.400 km. Sardinie je obklopena nav\u00edc mno\u017estv\u00edm ostr\u016fvk\u016f, z nich\u017e mnoh\u00e9 jsou n\u00e1rodn\u00edmi parky.<\/p>\n<p>Sardinie je p\u0159ezd\u00edv\u00e1na evropsk\u00fdm Karibikem a to\u00a0d\u00edky barv\u00e1m a r\u00e1zu pob\u0159e\u017e\u00ed, kter\u00e9 se v l\u00e9t\u011b vybarv\u00ed do n\u00e1dhern\u00fdch t\u00f3n\u016f azurov\u011b modr\u00e9 a tyrkysov\u00e9. V\u011bt\u0161ina pl\u00e1\u017e\u00ed na Sardinii je p\u00edse\u010dn\u00e1 se skaln\u00edmi \u00fatvary, kter\u00e9 jim dod\u00e1vaj\u00ed na malebnosti. Pl\u00e1\u017ee na Sardinii jsou pova\u017eov\u00e1ny za jedny z nejkr\u00e1sn\u011bj\u0161\u00edch v Evrop\u011b. Z\u00e1kony na Sardinii neumo\u017e\u0148uj\u00ed rozs\u00e1hlou v\u00fdstavbu v bezprost\u0159edn\u00ed bl\u00edzkosti mo\u0159e a tak si pob\u0159e\u017e\u00ed ve v\u011bt\u0161in\u011b m\u00edst uchov\u00e1v\u00e1 sv\u016fj p\u0159\u00edrodn\u00ed r\u00e1z. Turisticky nejvyhled\u00e1van\u011bj\u0161\u00ed oblast\u00ed je severn\u00ed \u010d\u00e1st Sardinie, kter\u00e1 se vyzna\u010duje oproti jihu bohat\u011bj\u0161\u00ed vegetac\u00ed.<\/p>\n<p>Sardinsk\u00e9 pl\u00e1\u017ee jsou r\u016fznorod\u00e9 a nab\u00edzej\u00ed velk\u00e9 mno\u017estv\u00ed vodn\u00edch aktivit. \u00datesy bohat\u00e9 na podmo\u0159sk\u00fd \u017eivot l\u00e1kaj\u00ed milovn\u00edky pot\u00e1p\u011bn\u00ed a \u0161norchlov\u00e1n\u00ed, otev\u0159en\u00e9 pl\u00e1\u017ee jsou zejm\u00e9na zjara a na podzim vyhled\u00e1v\u00e1ny surfa\u0159i.<\/p>\n<p>M\u00edstn\u00ed pl\u00e1\u017ee jsou zn\u00e1m\u00e9 zejm\u00e9na svou \u010distotou a k\u0159i\u0161\u0165\u00e1lov\u011b pr\u016fzra\u010dnou vodou. V kombinaci s \u0161irokou \u0161k\u00e1lou barev p\u00edsku a \u00fates\u016f jsou v letn\u00edm slunci neopakovatelnou pod\u00edvanou.<\/p>\n<p>&nbsp;<\/p>\n<p>&nbsp;<\/p>\n<p><script>\n  (function(i,s,o,g,r,a,m){i['GoogleAnalyticsObject']=r;i[r]=i[r]||function(){\n  (i[r].q=i[r].q||[]).push(arguments)},i[r].l=1*new Date();a=s.createElement(o),\n  m=s.getElementsByTagName(o)[0];a.async=1;a.src=g;m.parentNode.insertBefore(a,m)\n  })(window,document,'script','\/\/www.google-analytics.com\/analytics.js','ga');<\/p>\n<p>  ga('create', 'UA-72010429-1', 'auto');\n  ga('send', 'pageview');<\/p>\n<p><\/script><\/p>\n","protected":false},"excerpt":{"rendered":"<p>B\u0159ehy Sardinie om\u00fdv\u00e1 z v\u011bt\u0161\u00ed \u010d\u00e1sti St\u0159edozemn\u00ed mo\u0159e; v\u00fdchodn\u00ed \u010d\u00e1st ostrova pak mo\u0159e Tyrh\u00e9nsk\u00e9, kter\u00e9 je sou\u010d\u00e1st\u00ed St\u0159edozemn\u00edho mo\u0159e le\u017e\u00edc\u00edho mezi Apeninsk\u00fdm poloostrovem a ostrovy Korsika, Sardinie a Sic\u00edlie. D\u00e9lka pob\u0159e\u017e\u00ed dosahuje 2.400 km. Sardinie je obklopena nav\u00edc mno\u017estv\u00edm ostr\u016fvk\u016f, z nich\u017e mnoh\u00e9 jsou n\u00e1rodn\u00edmi parky. Sardinie je p\u0159ezd\u00edv\u00e1na evropsk\u00fdm Karibikem a to\u00a0d\u00edky barv\u00e1m a r\u00e1zu pob\u0159e\u017e\u00ed, kter\u00e9 se v l\u00e9t\u011b vybarv\u00ed do n\u00e1dhern\u00fdch t\u00f3n\u016f azurov\u011b modr\u00e9 a tyrkysov\u00e9. V\u011bt\u0161ina pl\u00e1\u017e\u00ed na Sardinii je p\u00edse\u010dn\u00e1 se skaln\u00edmi \u00fatvary, kter\u00e9 jim dod\u00e1vaj\u00ed na malebnosti. Pl\u00e1\u017ee na Sardinii jsou pova\u017eov\u00e1ny za jedny z nejkr\u00e1sn\u011bj\u0161\u00edch v Evrop\u011b. Z\u00e1kony na Sardinii neumo\u017e\u0148uj\u00ed rozs\u00e1hlou v\u00fdstavbu v bezprost\u0159edn\u00ed bl\u00edzkosti mo\u0159e a tak si pob\u0159e\u017e\u00ed ve v\u011bt\u0161in\u011b m\u00edst uchov\u00e1v\u00e1 sv\u016fj p\u0159\u00edrodn\u00ed r\u00e1z. Turisticky nejvyhled\u00e1van\u011bj\u0161\u00ed oblast\u00ed je severn\u00ed \u010d\u00e1st Sardinie, kter\u00e1 se vyzna\u010duje oproti jihu bohat\u011bj\u0161\u00ed vegetac\u00ed. Sardinsk\u00e9 pl\u00e1\u017ee jsou r\u016fznorod\u00e9 a nab\u00edzej\u00ed velk\u00e9 mno\u017estv\u00ed vodn\u00edch aktivit. \u00datesy bohat\u00e9 na podmo\u0159sk\u00fd \u017eivot l\u00e1kaj\u00ed milovn\u00edky pot\u00e1p\u011bn\u00ed a \u0161norchlov\u00e1n\u00ed, otev\u0159en\u00e9 pl\u00e1\u017ee jsou zejm\u00e9na zjara a na podzim vyhled\u00e1v\u00e1ny surfa\u0159i. M\u00edstn\u00ed pl\u00e1\u017ee jsou zn\u00e1m\u00e9 zejm\u00e9na svou \u010distotou a k\u0159i\u0161\u0165\u00e1lov\u011b pr\u016fzra\u010dnou vodou. V kombinaci s \u0161irokou \u0161k\u00e1lou barev p\u00edsku a \u00fates\u016f jsou v letn\u00edm slunci neopakovatelnou pod\u00edvanou. &nbsp; &nbsp;<\/p>\n","protected":false},"author":1,"featured_media":0,"parent":5,"menu_order":3,"comment_status":"open","ping_status":"open","template":"","meta":{"footnotes":""},"class_list":["post-92","page","type-page","status-publish","hentry"],"_links":{"self":[{"href":"https:\/\/www.nasardinku.cz\/index.php?rest_route=\/wp\/v2\/pages\/92","targetHints":{"allow":["GET"]}}],"collection":[{"href":"https:\/\/www.nasardinku.cz\/index.php?rest_route=\/wp\/v2\/pages"}],"about":[{"href":"https:\/\/www.nasardinku.cz\/index.php?rest_route=\/wp\/v2\/types\/page"}],"author":[{"embeddable":true,"href":"https:\/\/www.nasardinku.cz\/index.php?rest_route=\/wp\/v2\/users\/1"}],"replies":[{"embeddable":true,"href":"https:\/\/www.nasardinku.cz\/index.php?rest_route=%2Fwp%2Fv2%2Fcomments&post=92"}],"version-history":[{"count":6,"href":"https:\/\/www.nasardinku.cz\/index.php?rest_route=\/wp\/v2\/pages\/92\/revisions"}],"predecessor-version":[{"id":812,"href":"https:\/\/www.nasardinku.cz\/index.php?rest_route=\/wp\/v2\/pages\/92\/revisions\/812"}],"up":[{"embeddable":true,"href":"https:\/\/www.nasardinku.cz\/index.php?rest_route=\/wp\/v2\/pages\/5"}],"wp:attachment":[{"href":"https:\/\/www.nasardinku.cz\/index.php?rest_route=%2Fwp%2Fv2%2Fmedia&parent=92"}],"curies":[{"name":"wp","href":"https:\/\/api.w.org\/{rel}","templated":true}]}}